{"id":10,"date":"2024-08-15T08:09:18","date_gmt":"2024-08-15T08:09:18","guid":{"rendered":"https:\/\/cekimdeyiz.com.tr\/?page_id=10"},"modified":"2026-01-17T15:11:46","modified_gmt":"2026-01-17T15:11:46","slug":"bize-ulasin","status":"publish","type":"page","link":"https:\/\/cekimdeyiz.com.tr\/index.php\/bize-ulasin\/","title":{"rendered":"\u0130leti\u015fim"},"content":{"rendered":"\n<div id=\"wp-block-themeisle-blocks-advanced-columns-40db0924\" class=\"wp-block-themeisle-blocks-advanced-columns alignfull has-2-columns has-desktop-equal-layout has-tablet-equal-layout has-mobile-collapsedRows-layout has-vertical-top ticss-c00aadba\"><div class=\"wp-block-themeisle-blocks-advanced-columns-overlay\"><\/div><div class=\"innerblocks-wrap\">\n<div id=\"wp-block-themeisle-blocks-advanced-column-006aede9\" class=\"wp-block-themeisle-blocks-advanced-column\">\n<div id=\"wp-block-themeisle-blocks-font-awesome-icons-2b7e7997\" class=\"wp-block-themeisle-blocks-font-awesome-icons\"><span class=\"wp-block-themeisle-blocks-font-awesome-icons-container\"><svg xmlns=\"http:\/\/www.w3.org\/2000\/svg\" viewBox=\"0 0 1800 1800\"><path d=\"M531.087,344.727c0.247,0,0.492,0.033,0.739,0.033h453.558c16.819,0,30.444-13.625,30.444-30.436 c0-16.815-13.625-30.435-30.444-30.435H638.226H531.826c-16.811,0-30.44,13.62-30.44,30.435 C501.386,330.885,514.624,344.331,531.087,344.727z\"><\/path><path d=\"M531.826,497.389h749.422c16.814,0,30.443-13.629,30.443-30.439c0-16.814-13.629-30.439-30.443-30.439 H531.826c-16.811,0-30.44,13.625-30.44,30.439C501.386,483.76,515.016,497.389,531.826,497.389z\"><\/path><path d=\"M531.826,650.009h749.422c16.814,0,30.443-13.633,30.443-30.444c0-8.872-3.822-16.827-9.877-22.389 c-5.424-4.982-12.625-8.046-20.566-8.046H531.826c-7.938,0-15.143,3.064-20.567,8.046c-6.054,5.562-9.873,13.517-9.873,22.389 C501.386,636.376,515.016,650.009,531.826,650.009z\"><\/path><path d=\"M1311.691,772.194c0-16.806-13.629-30.436-30.443-30.436H531.826c-16.811,0-30.44,13.629-30.44,30.436 c0,16.815,13.629,30.444,30.44,30.444h749.422C1298.063,802.638,1311.691,789.009,1311.691,772.194z\"><\/path><path d=\"M1772.088,533.511c-2.481-3.422-5.691-6.4-9.603-8.622l-246.454-139.961v-82.389v-9.853 c-1.264-7.738-5.432-14.501-11.406-19.066l-49.465-42.835l-131.073-113.508l-61.889-53.596c-5.286-4.582-11.866-7.021-18.591-7.275 h-2.197H937.55h-66.904H383.746c-47.809,0-86.705,38.895-86.705,86.696V382.15L61.554,515.893 c-31.678,11.565-54.396,41.913-54.396,77.54v1067.543c0,45.554,37.064,82.618,82.622,82.618h1625.598 c45.558,0,82.623-37.064,82.623-82.618V593.433C1798,569.839,1788.002,548.583,1772.088,533.511z M1614.426,510.814l92.579,52.583 l-11.661,8.301l-179.313,127.664V571.698v-60.883v-55.873L1614.426,510.814z M1405.5,267.454h-132.895V152.361L1405.5,267.454z M357.922,571.698v-60.883v-93.226v-70.01V143.102c0-14.239,11.585-25.825,25.824-25.825h379.699H886.73h34.734h123.285h167.617 v180.296c0,16.631,13.483,30.11,30.119,30.11h212.674v22.668v70.015v90.448v60.883V742.7l-397.298,282.87l-50.781,36.148 l-18.591,13.241l-81.088,57.728l-81.093-57.728l-18.611-13.25l-50.782-36.155L357.922,741.483V571.698z M193.76,510.814 l103.281-58.649v58.649v60.883V698.14L119.448,571.698l-14.597-10.395L193.76,510.814z M68.036,1648.984V609.822l229.005,163.047 l60.88,43.344L710.7,1067.38l-8.372,7.58l-67.267,60.871L68.036,1648.984z M121.495,1682.723l604.294-546.892l35.693-32.304 l45.37,32.304l82.897,59.028c5.283,3.76,11.462,5.637,17.653,5.637c6.187,0,12.369-1.877,17.652-5.637l82.889-59.028l45.354-32.286 l35.686,32.286l604.311,546.892H121.495z M1737.119,1640.271l-557.41-504.439l-67.267-60.871l-8.359-7.563l351.077-249.962 l60.871-43.348l221.088-157.407V1640.271z\"><\/path><\/svg><\/span><\/div>\n\n\n\n<p><\/p>\n\n\n\n<h2 id=\"wp-block-themeisle-blocks-advanced-heading-8e35b90f\" class=\"wp-block-themeisle-blocks-advanced-heading wp-block-themeisle-blocks-advanced-heading-8e35b90f\">Bize bir mesaj g\u00f6nderin!<\/h2>\n\n\n\n<p><\/p>\n\n\n\n<p>Sosyal medyada da bizi takip edebilir, en g\u00fcncel haberlerden haberdar olabilirsiniz.<\/p>\n\n\n\n<div id=\"wp-block-themeisle-blocks-icon-list-dfc1fb3a\" class=\"wp-block-themeisle-blocks-icon-list\">\n<div id=\"wp-block-themeisle-blocks-icon-list-item-e6a57e87\" class=\"wp-block-themeisle-blocks-icon-list-item\"><i class=\"fas fa-phone wp-block-themeisle-blocks-icon-list-item-icon\"><\/i><p class=\"wp-block-themeisle-blocks-icon-list-item-content\">0533 028 04 76 &#8211; 0530 329 04 76<\/p><\/div>\n\n\n\n<div id=\"wp-block-themeisle-blocks-icon-list-item-648b3a6e\" class=\"wp-block-themeisle-blocks-icon-list-item\"><i class=\"far fa-envelope wp-block-themeisle-blocks-icon-list-item-icon\"><\/i><p class=\"wp-block-themeisle-blocks-icon-list-item-content\">cekimdeyizz@gmail.com<\/p><\/div>\n\n\n\n<div id=\"wp-block-themeisle-blocks-icon-list-item-d4eec3f8\" class=\"wp-block-themeisle-blocks-icon-list-item\"><i class=\"fas fa-map-marker-alt wp-block-themeisle-blocks-icon-list-item-icon\"><\/i><p class=\"wp-block-themeisle-blocks-icon-list-item-content\">Alibey Mah. Zahit Kaynar Sok. No:2\/A Silivri \/ \u0130stanbul<\/p><\/div>\n<\/div>\n\n\n\n<div style=\"height:20px\" aria-hidden=\"true\" class=\"wp-block-spacer\"><\/div>\n\n\n\n<p id=\"wp-block-themeisle-blocks-advanced-heading-9b27b614\" class=\"wp-block-themeisle-blocks-advanced-heading wp-block-themeisle-blocks-advanced-heading-9b27b614\"><strong>Follow on Social<\/strong><\/p>\n\n\n\n<ul class=\"wp-block-social-links has-large-icon-size is-style-logos-only is-layout-flex wp-block-social-links-is-layout-flex\"><li class=\"wp-social-link wp-social-link-mail  wp-block-social-link\"><a href=\"mailto:cekimdeyizz@gmail.com\" class=\"wp-block-social-link-anchor\"><svg width=\"24\" height=\"24\" viewBox=\"0 0 24 24\" version=\"1.1\" xmlns=\"http:\/\/www.w3.org\/2000\/svg\" aria-hidden=\"true\" focusable=\"false\"><path d=\"M19,5H5c-1.1,0-2,.9-2,2v10c0,1.1.9,2,2,2h14c1.1,0,2-.9,2-2V7c0-1.1-.9-2-2-2zm.5,12c0,.3-.2.5-.5.5H5c-.3,0-.5-.2-.5-.5V9.8l7.5,5.6,7.5-5.6V17zm0-9.1L12,13.6,4.5,7.9V7c0-.3.2-.5.5-.5h14c.3,0,.5.2.5.5v.9z\"><\/path><\/svg><span class=\"wp-block-social-link-label screen-reader-text\">Mail<\/span><\/a><\/li>\n\n<li class=\"wp-social-link wp-social-link-instagram  wp-block-social-link\"><a href=\"https:\/\/www.instagram.com\/cekimdeyiztr\/\" class=\"wp-block-social-link-anchor\"><svg width=\"24\" height=\"24\" viewBox=\"0 0 24 24\" version=\"1.1\" xmlns=\"http:\/\/www.w3.org\/2000\/svg\" aria-hidden=\"true\" focusable=\"false\"><path d=\"M12,4.622c2.403,0,2.688,0.009,3.637,0.052c0.877,0.04,1.354,0.187,1.671,0.31c0.42,0.163,0.72,0.358,1.035,0.673 c0.315,0.315,0.51,0.615,0.673,1.035c0.123,0.317,0.27,0.794,0.31,1.671c0.043,0.949,0.052,1.234,0.052,3.637 s-0.009,2.688-0.052,3.637c-0.04,0.877-0.187,1.354-0.31,1.671c-0.163,0.42-0.358,0.72-0.673,1.035 c-0.315,0.315-0.615,0.51-1.035,0.673c-0.317,0.123-0.794,0.27-1.671,0.31c-0.949,0.043-1.233,0.052-3.637,0.052 s-2.688-0.009-3.637-0.052c-0.877-0.04-1.354-0.187-1.671-0.31c-0.42-0.163-0.72-0.358-1.035-0.673 c-0.315-0.315-0.51-0.615-0.673-1.035c-0.123-0.317-0.27-0.794-0.31-1.671C4.631,14.688,4.622,14.403,4.622,12 s0.009-2.688,0.052-3.637c0.04-0.877,0.187-1.354,0.31-1.671c0.163-0.42,0.358-0.72,0.673-1.035 c0.315-0.315,0.615-0.51,1.035-0.673c0.317-0.123,0.794-0.27,1.671-0.31C9.312,4.631,9.597,4.622,12,4.622 M12,3 C9.556,3,9.249,3.01,8.289,3.054C7.331,3.098,6.677,3.25,6.105,3.472C5.513,3.702,5.011,4.01,4.511,4.511 c-0.5,0.5-0.808,1.002-1.038,1.594C3.25,6.677,3.098,7.331,3.054,8.289C3.01,9.249,3,9.556,3,12c0,2.444,0.01,2.751,0.054,3.711 c0.044,0.958,0.196,1.612,0.418,2.185c0.23,0.592,0.538,1.094,1.038,1.594c0.5,0.5,1.002,0.808,1.594,1.038 c0.572,0.222,1.227,0.375,2.185,0.418C9.249,20.99,9.556,21,12,21s2.751-0.01,3.711-0.054c0.958-0.044,1.612-0.196,2.185-0.418 c0.592-0.23,1.094-0.538,1.594-1.038c0.5-0.5,0.808-1.002,1.038-1.594c0.222-0.572,0.375-1.227,0.418-2.185 C20.99,14.751,21,14.444,21,12s-0.01-2.751-0.054-3.711c-0.044-0.958-0.196-1.612-0.418-2.185c-0.23-0.592-0.538-1.094-1.038-1.594 c-0.5-0.5-1.002-0.808-1.594-1.038c-0.572-0.222-1.227-0.375-2.185-0.418C14.751,3.01,14.444,3,12,3L12,3z M12,7.378 c-2.552,0-4.622,2.069-4.622,4.622S9.448,16.622,12,16.622s4.622-2.069,4.622-4.622S14.552,7.378,12,7.378z M12,15 c-1.657,0-3-1.343-3-3s1.343-3,3-3s3,1.343,3,3S13.657,15,12,15z M16.804,6.116c-0.596,0-1.08,0.484-1.08,1.08 s0.484,1.08,1.08,1.08c0.596,0,1.08-0.484,1.08-1.08S17.401,6.116,16.804,6.116z\"><\/path><\/svg><span class=\"wp-block-social-link-label screen-reader-text\">Instagram<\/span><\/a><\/li>\n\n<li class=\"wp-social-link wp-social-link-whatsapp  wp-block-social-link\"><a href=\"https:\/\/wa.me\/905330280476\" class=\"wp-block-social-link-anchor\"><svg width=\"24\" height=\"24\" viewBox=\"0 0 24 24\" version=\"1.1\" xmlns=\"http:\/\/www.w3.org\/2000\/svg\" aria-hidden=\"true\" focusable=\"false\"><path d=\"M 12.011719 2 C 6.5057187 2 2.0234844 6.478375 2.0214844 11.984375 C 2.0204844 13.744375 2.4814687 15.462563 3.3554688 16.976562 L 2 22 L 7.2324219 20.763672 C 8.6914219 21.559672 10.333859 21.977516 12.005859 21.978516 L 12.009766 21.978516 C 17.514766 21.978516 21.995047 17.499141 21.998047 11.994141 C 22.000047 9.3251406 20.962172 6.8157344 19.076172 4.9277344 C 17.190172 3.0407344 14.683719 2.001 12.011719 2 z M 12.009766 4 C 14.145766 4.001 16.153109 4.8337969 17.662109 6.3417969 C 19.171109 7.8517969 20.000047 9.8581875 19.998047 11.992188 C 19.996047 16.396187 16.413812 19.978516 12.007812 19.978516 C 10.674812 19.977516 9.3544062 19.642812 8.1914062 19.007812 L 7.5175781 18.640625 L 6.7734375 18.816406 L 4.8046875 19.28125 L 5.2851562 17.496094 L 5.5019531 16.695312 L 5.0878906 15.976562 C 4.3898906 14.768562 4.0204844 13.387375 4.0214844 11.984375 C 4.0234844 7.582375 7.6067656 4 12.009766 4 z M 8.4765625 7.375 C 8.3095625 7.375 8.0395469 7.4375 7.8105469 7.6875 C 7.5815469 7.9365 6.9355469 8.5395781 6.9355469 9.7675781 C 6.9355469 10.995578 7.8300781 12.182609 7.9550781 12.349609 C 8.0790781 12.515609 9.68175 15.115234 12.21875 16.115234 C 14.32675 16.946234 14.754891 16.782234 15.212891 16.740234 C 15.670891 16.699234 16.690438 16.137687 16.898438 15.554688 C 17.106437 14.971687 17.106922 14.470187 17.044922 14.367188 C 16.982922 14.263188 16.816406 14.201172 16.566406 14.076172 C 16.317406 13.951172 15.090328 13.348625 14.861328 13.265625 C 14.632328 13.182625 14.464828 13.140625 14.298828 13.390625 C 14.132828 13.640625 13.655766 14.201187 13.509766 14.367188 C 13.363766 14.534188 13.21875 14.556641 12.96875 14.431641 C 12.71875 14.305641 11.914938 14.041406 10.960938 13.191406 C 10.218937 12.530406 9.7182656 11.714844 9.5722656 11.464844 C 9.4272656 11.215844 9.5585938 11.079078 9.6835938 10.955078 C 9.7955938 10.843078 9.9316406 10.663578 10.056641 10.517578 C 10.180641 10.371578 10.223641 10.267562 10.306641 10.101562 C 10.389641 9.9355625 10.347156 9.7890625 10.285156 9.6640625 C 10.223156 9.5390625 9.737625 8.3065 9.515625 7.8125 C 9.328625 7.3975 9.131125 7.3878594 8.953125 7.3808594 C 8.808125 7.3748594 8.6425625 7.375 8.4765625 7.375 z\"><\/path><\/svg><span class=\"wp-block-social-link-label screen-reader-text\">WhatsApp<\/span><\/a><\/li><\/ul>\n<\/div>\n\n\n\n<div id=\"wp-block-themeisle-blocks-advanced-column-ee3078f9\" class=\"wp-block-themeisle-blocks-advanced-column\">\n<div id=\"wp-block-themeisle-blocks-form-c02278c7\" class=\"wp-block-themeisle-blocks-form\" data-option-name=\"bf9b28ff82ce323187abc5d0feb0d8f07ecd8436_c02278c7\"><form class=\"otter-form__container\">\n<div id=\"wp-block-themeisle-blocks-form-input-b7bbe5bf\" class=\"wp-block-themeisle-blocks-form-input\"><label for=\"wp-block-themeisle-blocks-form-input-b7bbe5bf-input\" class=\"otter-form-input-label\"><span class=\"otter-form-input-label__label\">Name<\/span><span class=\"required\">*<\/span><\/label><input type=\"text\" id=\"wp-block-themeisle-blocks-form-input-b7bbe5bf-input\" required class=\"otter-form-input\"\/><\/div>\n\n\n\n<div id=\"wp-block-themeisle-blocks-form-input-6cf151a8\" class=\"wp-block-themeisle-blocks-form-input\"><label for=\"wp-block-themeisle-blocks-form-input-6cf151a8-input\" class=\"otter-form-input-label\"><span class=\"otter-form-input-label__label\">Email<\/span><span class=\"required\">*<\/span><\/label><input type=\"email\" id=\"wp-block-themeisle-blocks-form-input-6cf151a8-input\" required class=\"otter-form-input\"\/><\/div>\n\n\n\n<div id=\"wp-block-themeisle-blocks-form-textarea-516ebef1\" class=\"wp-block-themeisle-blocks-form-textarea\"><label for=\"wp-block-themeisle-blocks-form-textarea-516ebef1-input\" class=\"otter-form-textarea-label\"><span class=\"otter-form-textarea-label__label\">Message<\/span><\/label><textarea id=\"wp-block-themeisle-blocks-form-textarea-516ebef1-input\" rows=\"10\" class=\"otter-form-textarea-input\"><\/textarea><\/div>\n\n\n\n<p class=\"has-extra-small-font-size\">You agree to receive email communication from us by submitting this form.<\/p>\n\n\n<div class=\"protection\" aria-hidden=\"true\"><input type=\"hidden\" id=\"wp-block-themeisle-blocks-form-c02278c7_nonce_field\" name=\"wp-block-themeisle-blocks-form-c02278c7_nonce_field\" value=\"358da069f6\" \/><input type=\"hidden\" name=\"_wp_http_referer\" value=\"\/index.php\/wp-json\/wp\/v2\/pages\/10\" \/><input class=\"o-anti-bot\" type=\"checkbox\"><\/div><div class=\"wp-block-button\"><button class=\"wp-block-button__link\" type=\"submit\">Submit<\/button><\/div><\/form><\/div>\n<\/div>\n<\/div><\/div>\n\n\n<div style=\"height:400pxpx;\" class=\"wp-block-themeisle-blocks-leaflet-map\" id=\"wp-block-themeisle-blocks-google-map-227cdbb0\"><\/div>\n<script type=\"text\/javascript\">\n\t\/* <![CDATA[ *\/\n\t\tif ( ! window.themeisleLeafletMaps ) window.themeisleLeafletMaps =[];\n\t\twindow.themeisleLeafletMaps.push( { container: \"wp-block-themeisle-blocks-google-map-227cdbb0\", attributes: {\"id\":\"wp-block-themeisle-blocks-google-map-227cdbb0\",\"latitude\":\"41.07548525889244\",\"longitude\":\"28.25315594673157\",\"bbox\":\"28.25117111206055,41.07467646641512,28.255140781402588,41.07629404141883\",\"zoom\":17,\"location\":\"La Sagrada Familia, Barcelona, Spain\",\"height\":\"400px\",\"markers\":[],\"zoomControl\":true,\"draggable\":true,\"hasCustomCSS\":false,\"customCSS\":\"\",\"otterConditions\":[]} } );\n\t\/* ]]> *\/\n<\/script>\n\n\n\n<div class=\"wp-block-columns is-layout-flex wp-container-core-columns-is-layout-28f84493 wp-block-columns-is-layout-flex\">\n<div class=\"wp-block-column is-layout-flow wp-block-column-is-layout-flow\" style=\"flex-basis:100%\">\n<div class=\"wp-block-group is-vertical is-content-justification-center is-layout-flex wp-container-core-group-is-layout-838cd1cc wp-block-group-is-layout-flex\" style=\"padding-top:var(--wp--preset--spacing--40);padding-bottom:var(--wp--preset--spacing--50)\"><div class=\"is-default-size wp-block-site-logo\"><a href=\"https:\/\/cekimdeyiz.com.tr\/\" class=\"custom-logo-link\" rel=\"home\"><img fetchpriority=\"high\" decoding=\"async\" width=\"1772\" height=\"827\" src=\"https:\/\/cekimdeyiz.com.tr\/wp-content\/uploads\/2024\/08\/Untitled-1-copy-1.png\" class=\"custom-logo\" alt=\"&Ccedil;ekimdeyiz\" srcset=\"https:\/\/cekimdeyiz.com.tr\/wp-content\/uploads\/2024\/08\/Untitled-1-copy-1.png 1772w, https:\/\/cekimdeyiz.com.tr\/wp-content\/uploads\/2024\/08\/Untitled-1-copy-1-300x140.png 300w, https:\/\/cekimdeyiz.com.tr\/wp-content\/uploads\/2024\/08\/Untitled-1-copy-1-1024x478.png 1024w, https:\/\/cekimdeyiz.com.tr\/wp-content\/uploads\/2024\/08\/Untitled-1-copy-1-768x358.png 768w, https:\/\/cekimdeyiz.com.tr\/wp-content\/uploads\/2024\/08\/Untitled-1-copy-1-1536x717.png 1536w\" sizes=\"(max-width: 1772px) 100vw, 1772px\" \/><\/a><\/div>\n\n<nav class=\"has-small-font-size items-justified-center wp-block-navigation is-content-justification-center is-layout-flex wp-container-core-navigation-is-layout-a89b3969 wp-block-navigation-is-layout-flex\" aria-label=\"Navigation\"><ul class=\"wp-block-navigation__container has-small-font-size items-justified-center wp-block-navigation has-small-font-size\"><li class=\"has-small-font-size wp-block-navigation-item wp-block-navigation-link\"><a class=\"wp-block-navigation-item__content\"  href=\"https:\/\/cekimdeyiz.com.tr\/index.php\/hizmetlerimiz\/\"><span class=\"wp-block-navigation-item__label\">Hizmetlerimiz<\/span><\/a><\/li><\/ul><ul class=\"wp-block-navigation__container has-small-font-size items-justified-center wp-block-navigation has-small-font-size\"><li class=\"has-small-font-size wp-block-navigation-item wp-block-navigation-link\"><a class=\"wp-block-navigation-item__content\"  href=\"https:\/\/cekimdeyiz.com.tr\/index.php\/hakkimizda\/\"><span class=\"wp-block-navigation-item__label\">Hakk\u0131m\u0131zda<\/span><\/a><\/li><li class=\"has-small-font-size wp-block-navigation-item wp-block-navigation-link\"><a class=\"wp-block-navigation-item__content\"  href=\"https:\/\/cekimdeyiz.com.tr\/index.php\/bize-ulasin\/\"><span class=\"wp-block-navigation-item__label\">\u0130leti\u015fim<\/span><\/a><\/li><\/ul><\/nav>\n\n\n<p class=\"has-text-align-center has-secondary-color has-text-color has-link-color has-small-font-size wp-elements-03286135a35eab1471aaca11df20523c\">\n\t<a href=\"https:\/\/wordpress.org\" rel=\"nofollow\">WordPress<\/a> ile tasarland\u0131\t<\/p>\n<\/div>\n<\/div>\n<\/div>\n\n\n\n<p><\/p>\n","protected":false},"excerpt":{"rendered":"<p>WordPress ile tasarland\u0131<\/p>\n","protected":false},"author":1,"featured_media":0,"parent":0,"menu_order":0,"comment_status":"closed","ping_status":"closed","template":"","meta":{"_themeisle_gutenberg_block_has_review":false,"footnotes":""},"class_list":["post-10","page","type-page","status-publish","hentry"],"yoast_head":"<!-- This site is optimized with the Yoast SEO plugin v27.3 - https:\/\/yoast.com\/product\/yoast-seo-wordpress\/ -->\n<title>\u0130leti\u015fim - &Ccedil;ekimdeyiz<\/title>\n<meta name=\"description\" content=\"Hayat\u0131n\u0131z\u0131n en de\u011ferli anlar\u0131n\u0131 \u00f6l\u00fcms\u00fczle\u015ftirmek i\u00e7in \u00c7ekimdeyiz D\u00fc\u011f\u00fcn Foto\u011fraf\u00e7\u0131s\u0131 ile hemen ileti\u015fime ge\u00e7in!\" \/>\n<meta name=\"robots\" content=\"index, follow, max-snippet:-1, max-image-preview:large, max-video-preview:-1\" \/>\n<link rel=\"canonical\" href=\"https:\/\/cekimdeyiz.com.tr\/index.php\/bize-ulasin\/\" \/>\n<meta property=\"og:locale\" content=\"tr_TR\" \/>\n<meta property=\"og:type\" content=\"article\" \/>\n<meta property=\"og:title\" content=\"\u0130leti\u015fim - &Ccedil;ekimdeyiz\" \/>\n<meta property=\"og:description\" content=\"Hayat\u0131n\u0131z\u0131n en de\u011ferli anlar\u0131n\u0131 \u00f6l\u00fcms\u00fczle\u015ftirmek i\u00e7in \u00c7ekimdeyiz D\u00fc\u011f\u00fcn Foto\u011fraf\u00e7\u0131s\u0131 ile hemen ileti\u015fime ge\u00e7in!\" \/>\n<meta property=\"og:url\" content=\"https:\/\/cekimdeyiz.com.tr\/index.php\/bize-ulasin\/\" \/>\n<meta property=\"og:site_name\" content=\"&Ccedil;ekimdeyiz\" \/>\n<meta property=\"article:modified_time\" content=\"2026-01-17T15:11:46+00:00\" \/>\n<meta property=\"og:image\" content=\"https:\/\/cekimdeyiz.com.tr\/wp-content\/uploads\/2024\/10\/cropped-cekimdeyiz-logo.jpg\" \/>\n\t<meta property=\"og:image:width\" content=\"512\" \/>\n\t<meta property=\"og:image:height\" content=\"512\" \/>\n\t<meta property=\"og:image:type\" content=\"image\/jpeg\" \/>\n<meta name=\"twitter:card\" content=\"summary_large_image\" \/>\n<meta name=\"twitter:label1\" content=\"Tahmini okuma s\u00fcresi\" \/>\n\t<meta name=\"twitter:data1\" content=\"1 dakika\" \/>\n<script type=\"application\/ld+json\" class=\"yoast-schema-graph\">{\"@context\":\"https:\\\/\\\/schema.org\",\"@graph\":[{\"@type\":\"WebPage\",\"@id\":\"https:\\\/\\\/cekimdeyiz.com.tr\\\/index.php\\\/bize-ulasin\\\/\",\"url\":\"https:\\\/\\\/cekimdeyiz.com.tr\\\/index.php\\\/bize-ulasin\\\/\",\"name\":\"\u0130leti\u015fim - &Ccedil;ekimdeyiz\",\"isPartOf\":{\"@id\":\"https:\\\/\\\/cekimdeyiz.com.tr\\\/#website\"},\"datePublished\":\"2024-08-15T08:09:18+00:00\",\"dateModified\":\"2026-01-17T15:11:46+00:00\",\"description\":\"Hayat\u0131n\u0131z\u0131n en de\u011ferli anlar\u0131n\u0131 \u00f6l\u00fcms\u00fczle\u015ftirmek i\u00e7in \u00c7ekimdeyiz D\u00fc\u011f\u00fcn Foto\u011fraf\u00e7\u0131s\u0131 ile hemen ileti\u015fime ge\u00e7in!\",\"breadcrumb\":{\"@id\":\"https:\\\/\\\/cekimdeyiz.com.tr\\\/index.php\\\/bize-ulasin\\\/#breadcrumb\"},\"inLanguage\":\"tr\",\"potentialAction\":[{\"@type\":\"ReadAction\",\"target\":[\"https:\\\/\\\/cekimdeyiz.com.tr\\\/index.php\\\/bize-ulasin\\\/\"]}]},{\"@type\":\"BreadcrumbList\",\"@id\":\"https:\\\/\\\/cekimdeyiz.com.tr\\\/index.php\\\/bize-ulasin\\\/#breadcrumb\",\"itemListElement\":[{\"@type\":\"ListItem\",\"position\":1,\"name\":\"Anasayfa\",\"item\":\"https:\\\/\\\/cekimdeyiz.com.tr\\\/\"},{\"@type\":\"ListItem\",\"position\":2,\"name\":\"\u0130leti\u015fim\"}]},{\"@type\":\"WebSite\",\"@id\":\"https:\\\/\\\/cekimdeyiz.com.tr\\\/#website\",\"url\":\"https:\\\/\\\/cekimdeyiz.com.tr\\\/\",\"name\":\"\u00c7ekimdeyiz D\u00fc\u011f\u00fcn Foto\u011fraf\u00e7\u0131s\u0131\",\"description\":\"D&uuml;\u011f&uuml;n Foto\u011fraf&ccedil;\u0131s\u0131\",\"publisher\":{\"@id\":\"https:\\\/\\\/cekimdeyiz.com.tr\\\/#organization\"},\"potentialAction\":[{\"@type\":\"SearchAction\",\"target\":{\"@type\":\"EntryPoint\",\"urlTemplate\":\"https:\\\/\\\/cekimdeyiz.com.tr\\\/?s={search_term_string}\"},\"query-input\":{\"@type\":\"PropertyValueSpecification\",\"valueRequired\":true,\"valueName\":\"search_term_string\"}}],\"inLanguage\":\"tr\"},{\"@type\":\"Organization\",\"@id\":\"https:\\\/\\\/cekimdeyiz.com.tr\\\/#organization\",\"name\":\"\u00c7ekimdeyiz\",\"url\":\"https:\\\/\\\/cekimdeyiz.com.tr\\\/\",\"logo\":{\"@type\":\"ImageObject\",\"inLanguage\":\"tr\",\"@id\":\"https:\\\/\\\/cekimdeyiz.com.tr\\\/#\\\/schema\\\/logo\\\/image\\\/\",\"url\":\"https:\\\/\\\/cekimdeyiz.com.tr\\\/wp-content\\\/uploads\\\/2024\\\/10\\\/cekimdeyiz-logo-1.jpg\",\"contentUrl\":\"https:\\\/\\\/cekimdeyiz.com.tr\\\/wp-content\\\/uploads\\\/2024\\\/10\\\/cekimdeyiz-logo-1.jpg\",\"width\":591,\"height\":709,\"caption\":\"\u00c7ekimdeyiz\"},\"image\":{\"@id\":\"https:\\\/\\\/cekimdeyiz.com.tr\\\/#\\\/schema\\\/logo\\\/image\\\/\"},\"sameAs\":[\"https:\\\/\\\/www.instagram.com\\\/cekimdeyiztr\\\/\"]}]}<\/script>\n<!-- \/ Yoast SEO plugin. -->","yoast_head_json":{"title":"\u0130leti\u015fim - &Ccedil;ekimdeyiz","description":"Hayat\u0131n\u0131z\u0131n en de\u011ferli anlar\u0131n\u0131 \u00f6l\u00fcms\u00fczle\u015ftirmek i\u00e7in \u00c7ekimdeyiz D\u00fc\u011f\u00fcn Foto\u011fraf\u00e7\u0131s\u0131 ile hemen ileti\u015fime ge\u00e7in!","robots":{"index":"index","follow":"follow","max-snippet":"max-snippet:-1","max-image-preview":"max-image-preview:large","max-video-preview":"max-video-preview:-1"},"canonical":"https:\/\/cekimdeyiz.com.tr\/index.php\/bize-ulasin\/","og_locale":"tr_TR","og_type":"article","og_title":"\u0130leti\u015fim - &Ccedil;ekimdeyiz","og_description":"Hayat\u0131n\u0131z\u0131n en de\u011ferli anlar\u0131n\u0131 \u00f6l\u00fcms\u00fczle\u015ftirmek i\u00e7in \u00c7ekimdeyiz D\u00fc\u011f\u00fcn Foto\u011fraf\u00e7\u0131s\u0131 ile hemen ileti\u015fime ge\u00e7in!","og_url":"https:\/\/cekimdeyiz.com.tr\/index.php\/bize-ulasin\/","og_site_name":"&Ccedil;ekimdeyiz","article_modified_time":"2026-01-17T15:11:46+00:00","og_image":[{"width":512,"height":512,"url":"https:\/\/cekimdeyiz.com.tr\/wp-content\/uploads\/2024\/10\/cropped-cekimdeyiz-logo.jpg","type":"image\/jpeg"}],"twitter_card":"summary_large_image","twitter_misc":{"Tahmini okuma s\u00fcresi":"1 dakika"},"schema":{"@context":"https:\/\/schema.org","@graph":[{"@type":"WebPage","@id":"https:\/\/cekimdeyiz.com.tr\/index.php\/bize-ulasin\/","url":"https:\/\/cekimdeyiz.com.tr\/index.php\/bize-ulasin\/","name":"\u0130leti\u015fim - &Ccedil;ekimdeyiz","isPartOf":{"@id":"https:\/\/cekimdeyiz.com.tr\/#website"},"datePublished":"2024-08-15T08:09:18+00:00","dateModified":"2026-01-17T15:11:46+00:00","description":"Hayat\u0131n\u0131z\u0131n en de\u011ferli anlar\u0131n\u0131 \u00f6l\u00fcms\u00fczle\u015ftirmek i\u00e7in \u00c7ekimdeyiz D\u00fc\u011f\u00fcn Foto\u011fraf\u00e7\u0131s\u0131 ile hemen ileti\u015fime ge\u00e7in!","breadcrumb":{"@id":"https:\/\/cekimdeyiz.com.tr\/index.php\/bize-ulasin\/#breadcrumb"},"inLanguage":"tr","potentialAction":[{"@type":"ReadAction","target":["https:\/\/cekimdeyiz.com.tr\/index.php\/bize-ulasin\/"]}]},{"@type":"BreadcrumbList","@id":"https:\/\/cekimdeyiz.com.tr\/index.php\/bize-ulasin\/#breadcrumb","itemListElement":[{"@type":"ListItem","position":1,"name":"Anasayfa","item":"https:\/\/cekimdeyiz.com.tr\/"},{"@type":"ListItem","position":2,"name":"\u0130leti\u015fim"}]},{"@type":"WebSite","@id":"https:\/\/cekimdeyiz.com.tr\/#website","url":"https:\/\/cekimdeyiz.com.tr\/","name":"\u00c7ekimdeyiz D\u00fc\u011f\u00fcn Foto\u011fraf\u00e7\u0131s\u0131","description":"D&uuml;\u011f&uuml;n Foto\u011fraf&ccedil;\u0131s\u0131","publisher":{"@id":"https:\/\/cekimdeyiz.com.tr\/#organization"},"potentialAction":[{"@type":"SearchAction","target":{"@type":"EntryPoint","urlTemplate":"https:\/\/cekimdeyiz.com.tr\/?s={search_term_string}"},"query-input":{"@type":"PropertyValueSpecification","valueRequired":true,"valueName":"search_term_string"}}],"inLanguage":"tr"},{"@type":"Organization","@id":"https:\/\/cekimdeyiz.com.tr\/#organization","name":"\u00c7ekimdeyiz","url":"https:\/\/cekimdeyiz.com.tr\/","logo":{"@type":"ImageObject","inLanguage":"tr","@id":"https:\/\/cekimdeyiz.com.tr\/#\/schema\/logo\/image\/","url":"https:\/\/cekimdeyiz.com.tr\/wp-content\/uploads\/2024\/10\/cekimdeyiz-logo-1.jpg","contentUrl":"https:\/\/cekimdeyiz.com.tr\/wp-content\/uploads\/2024\/10\/cekimdeyiz-logo-1.jpg","width":591,"height":709,"caption":"\u00c7ekimdeyiz"},"image":{"@id":"https:\/\/cekimdeyiz.com.tr\/#\/schema\/logo\/image\/"},"sameAs":["https:\/\/www.instagram.com\/cekimdeyiztr\/"]}]}},"_links":{"self":[{"href":"https:\/\/cekimdeyiz.com.tr\/index.php\/wp-json\/wp\/v2\/pages\/10","targetHints":{"allow":["GET"]}}],"collection":[{"href":"https:\/\/cekimdeyiz.com.tr\/index.php\/wp-json\/wp\/v2\/pages"}],"about":[{"href":"https:\/\/cekimdeyiz.com.tr\/index.php\/wp-json\/wp\/v2\/types\/page"}],"author":[{"embeddable":true,"href":"https:\/\/cekimdeyiz.com.tr\/index.php\/wp-json\/wp\/v2\/users\/1"}],"replies":[{"embeddable":true,"href":"https:\/\/cekimdeyiz.com.tr\/index.php\/wp-json\/wp\/v2\/comments?post=10"}],"version-history":[{"count":22,"href":"https:\/\/cekimdeyiz.com.tr\/index.php\/wp-json\/wp\/v2\/pages\/10\/revisions"}],"predecessor-version":[{"id":928,"href":"https:\/\/cekimdeyiz.com.tr\/index.php\/wp-json\/wp\/v2\/pages\/10\/revisions\/928"}],"wp:attachment":[{"href":"https:\/\/cekimdeyiz.com.tr\/index.php\/wp-json\/wp\/v2\/media?parent=10"}],"curies":[{"name":"wp","href":"https:\/\/api.w.org\/{rel}","templated":true}]}}