{"id":618,"date":"2025-05-06T08:12:34","date_gmt":"2025-05-06T08:12:34","guid":{"rendered":"https:\/\/cekimdeyiz.com.tr\/?page_id=618"},"modified":"2025-05-06T08:12:35","modified_gmt":"2025-05-06T08:12:35","slug":"adile-sultan-kasri","status":"publish","type":"page","link":"https:\/\/cekimdeyiz.com.tr\/index.php\/adile-sultan-kasri\/","title":{"rendered":"Adile Sultan Kasr\u0131"},"content":{"rendered":"\n<figure class=\"wp-block-gallery has-nested-images columns-default is-cropped wp-block-gallery-1 is-layout-flex wp-block-gallery-is-layout-flex\">\n<figure class=\"wp-block-image size-large\"><img fetchpriority=\"high\" decoding=\"async\" width=\"683\" height=\"1024\" data-id=\"629\" src=\"https:\/\/cekimdeyiz.com.tr\/wp-content\/uploads\/2025\/05\/437A3846-2-2-683x1024.jpg\" alt=\"\" class=\"wp-image-629\" srcset=\"https:\/\/cekimdeyiz.com.tr\/wp-content\/uploads\/2025\/05\/437A3846-2-2-683x1024.jpg 683w, https:\/\/cekimdeyiz.com.tr\/wp-content\/uploads\/2025\/05\/437A3846-2-2-200x300.jpg 200w, https:\/\/cekimdeyiz.com.tr\/wp-content\/uploads\/2025\/05\/437A3846-2-2-768x1152.jpg 768w, https:\/\/cekimdeyiz.com.tr\/wp-content\/uploads\/2025\/05\/437A3846-2-2-1024x1536.jpg 1024w, https:\/\/cekimdeyiz.com.tr\/wp-content\/uploads\/2025\/05\/437A3846-2-2-1365x2048.jpg 1365w, https:\/\/cekimdeyiz.com.tr\/wp-content\/uploads\/2025\/05\/437A3846-2-2-scaled.jpg 1707w\" sizes=\"(max-width: 683px) 100vw, 683px\" \/><\/figure>\n\n\n\n<figure class=\"wp-block-image size-large\"><img decoding=\"async\" width=\"1024\" height=\"683\" data-id=\"624\" src=\"https:\/\/cekimdeyiz.com.tr\/wp-content\/uploads\/2025\/05\/437A3573-2-1024x683.jpg\" alt=\"\" class=\"wp-image-624\" srcset=\"https:\/\/cekimdeyiz.com.tr\/wp-content\/uploads\/2025\/05\/437A3573-2-1024x683.jpg 1024w, https:\/\/cekimdeyiz.com.tr\/wp-content\/uploads\/2025\/05\/437A3573-2-300x200.jpg 300w, https:\/\/cekimdeyiz.com.tr\/wp-content\/uploads\/2025\/05\/437A3573-2-768x512.jpg 768w, https:\/\/cekimdeyiz.com.tr\/wp-content\/uploads\/2025\/05\/437A3573-2-1536x1024.jpg 1536w, https:\/\/cekimdeyiz.com.tr\/wp-content\/uploads\/2025\/05\/437A3573-2-2048x1365.jpg 2048w\" sizes=\"(max-width: 1024px) 100vw, 1024px\" \/><\/figure>\n\n\n\n<figure class=\"wp-block-image size-large\"><img decoding=\"async\" width=\"683\" height=\"1024\" data-id=\"626\" src=\"https:\/\/cekimdeyiz.com.tr\/wp-content\/uploads\/2025\/05\/437A3673-2-683x1024.jpg\" alt=\"\" class=\"wp-image-626\" srcset=\"https:\/\/cekimdeyiz.com.tr\/wp-content\/uploads\/2025\/05\/437A3673-2-683x1024.jpg 683w, https:\/\/cekimdeyiz.com.tr\/wp-content\/uploads\/2025\/05\/437A3673-2-200x300.jpg 200w, https:\/\/cekimdeyiz.com.tr\/wp-content\/uploads\/2025\/05\/437A3673-2-768x1152.jpg 768w, https:\/\/cekimdeyiz.com.tr\/wp-content\/uploads\/2025\/05\/437A3673-2-1024x1536.jpg 1024w, https:\/\/cekimdeyiz.com.tr\/wp-content\/uploads\/2025\/05\/437A3673-2-1365x2048.jpg 1365w, https:\/\/cekimdeyiz.com.tr\/wp-content\/uploads\/2025\/05\/437A3673-2-scaled.jpg 1707w\" sizes=\"(max-width: 683px) 100vw, 683px\" \/><\/figure>\n\n\n\n<figure class=\"wp-block-image size-large\"><img loading=\"lazy\" decoding=\"async\" width=\"683\" height=\"1024\" data-id=\"623\" src=\"https:\/\/cekimdeyiz.com.tr\/wp-content\/uploads\/2025\/05\/437A3420-2-683x1024.jpg\" alt=\"\" class=\"wp-image-623\" srcset=\"https:\/\/cekimdeyiz.com.tr\/wp-content\/uploads\/2025\/05\/437A3420-2-683x1024.jpg 683w, https:\/\/cekimdeyiz.com.tr\/wp-content\/uploads\/2025\/05\/437A3420-2-200x300.jpg 200w, https:\/\/cekimdeyiz.com.tr\/wp-content\/uploads\/2025\/05\/437A3420-2-768x1152.jpg 768w, https:\/\/cekimdeyiz.com.tr\/wp-content\/uploads\/2025\/05\/437A3420-2-1024x1536.jpg 1024w, https:\/\/cekimdeyiz.com.tr\/wp-content\/uploads\/2025\/05\/437A3420-2-1365x2048.jpg 1365w, https:\/\/cekimdeyiz.com.tr\/wp-content\/uploads\/2025\/05\/437A3420-2-scaled.jpg 1707w\" sizes=\"(max-width: 683px) 100vw, 683px\" \/><\/figure>\n\n\n\n<figure class=\"wp-block-image size-large\"><img loading=\"lazy\" decoding=\"async\" width=\"683\" height=\"1024\" data-id=\"630\" src=\"https:\/\/cekimdeyiz.com.tr\/wp-content\/uploads\/2025\/05\/437A3838-2-683x1024.jpg\" alt=\"\" class=\"wp-image-630\" srcset=\"https:\/\/cekimdeyiz.com.tr\/wp-content\/uploads\/2025\/05\/437A3838-2-683x1024.jpg 683w, https:\/\/cekimdeyiz.com.tr\/wp-content\/uploads\/2025\/05\/437A3838-2-200x300.jpg 200w, https:\/\/cekimdeyiz.com.tr\/wp-content\/uploads\/2025\/05\/437A3838-2-768x1152.jpg 768w, https:\/\/cekimdeyiz.com.tr\/wp-content\/uploads\/2025\/05\/437A3838-2-1024x1536.jpg 1024w, https:\/\/cekimdeyiz.com.tr\/wp-content\/uploads\/2025\/05\/437A3838-2-1365x2048.jpg 1365w, https:\/\/cekimdeyiz.com.tr\/wp-content\/uploads\/2025\/05\/437A3838-2-scaled.jpg 1707w\" sizes=\"(max-width: 683px) 100vw, 683px\" \/><\/figure>\n\n\n\n<figure class=\"wp-block-image size-large\"><img loading=\"lazy\" decoding=\"async\" width=\"1024\" height=\"683\" data-id=\"625\" src=\"https:\/\/cekimdeyiz.com.tr\/wp-content\/uploads\/2025\/05\/437A3628-2-1024x683.jpg\" alt=\"\" class=\"wp-image-625\" srcset=\"https:\/\/cekimdeyiz.com.tr\/wp-content\/uploads\/2025\/05\/437A3628-2-1024x683.jpg 1024w, https:\/\/cekimdeyiz.com.tr\/wp-content\/uploads\/2025\/05\/437A3628-2-300x200.jpg 300w, https:\/\/cekimdeyiz.com.tr\/wp-content\/uploads\/2025\/05\/437A3628-2-768x512.jpg 768w, https:\/\/cekimdeyiz.com.tr\/wp-content\/uploads\/2025\/05\/437A3628-2-1536x1024.jpg 1536w, https:\/\/cekimdeyiz.com.tr\/wp-content\/uploads\/2025\/05\/437A3628-2-2048x1365.jpg 2048w\" sizes=\"(max-width: 1024px) 100vw, 1024px\" \/><\/figure>\n\n\n\n<figure class=\"wp-block-image size-large\"><img loading=\"lazy\" decoding=\"async\" width=\"683\" height=\"1024\" data-id=\"627\" src=\"https:\/\/cekimdeyiz.com.tr\/wp-content\/uploads\/2025\/05\/437A3643-2-683x1024.jpg\" alt=\"\" class=\"wp-image-627\" srcset=\"https:\/\/cekimdeyiz.com.tr\/wp-content\/uploads\/2025\/05\/437A3643-2-683x1024.jpg 683w, https:\/\/cekimdeyiz.com.tr\/wp-content\/uploads\/2025\/05\/437A3643-2-200x300.jpg 200w, https:\/\/cekimdeyiz.com.tr\/wp-content\/uploads\/2025\/05\/437A3643-2-768x1152.jpg 768w, https:\/\/cekimdeyiz.com.tr\/wp-content\/uploads\/2025\/05\/437A3643-2-1024x1536.jpg 1024w, https:\/\/cekimdeyiz.com.tr\/wp-content\/uploads\/2025\/05\/437A3643-2-1365x2048.jpg 1365w, https:\/\/cekimdeyiz.com.tr\/wp-content\/uploads\/2025\/05\/437A3643-2-scaled.jpg 1707w\" sizes=\"(max-width: 683px) 100vw, 683px\" \/><\/figure>\n\n\n\n<figure class=\"wp-block-image size-large\"><img loading=\"lazy\" decoding=\"async\" width=\"683\" height=\"1024\" data-id=\"619\" src=\"https:\/\/cekimdeyiz.com.tr\/wp-content\/uploads\/2025\/05\/437A3799-2-683x1024.jpg\" alt=\"\" class=\"wp-image-619\" srcset=\"https:\/\/cekimdeyiz.com.tr\/wp-content\/uploads\/2025\/05\/437A3799-2-683x1024.jpg 683w, https:\/\/cekimdeyiz.com.tr\/wp-content\/uploads\/2025\/05\/437A3799-2-200x300.jpg 200w, https:\/\/cekimdeyiz.com.tr\/wp-content\/uploads\/2025\/05\/437A3799-2-768x1152.jpg 768w, https:\/\/cekimdeyiz.com.tr\/wp-content\/uploads\/2025\/05\/437A3799-2-1024x1536.jpg 1024w, https:\/\/cekimdeyiz.com.tr\/wp-content\/uploads\/2025\/05\/437A3799-2-1365x2048.jpg 1365w, https:\/\/cekimdeyiz.com.tr\/wp-content\/uploads\/2025\/05\/437A3799-2-scaled.jpg 1707w\" sizes=\"(max-width: 683px) 100vw, 683px\" \/><\/figure>\n\n\n\n<figure class=\"wp-block-image size-large\"><img loading=\"lazy\" decoding=\"async\" width=\"683\" height=\"1024\" data-id=\"634\" src=\"https:\/\/cekimdeyiz.com.tr\/wp-content\/uploads\/2025\/05\/437A3855-2-1-683x1024.jpg\" alt=\"\" class=\"wp-image-634\" srcset=\"https:\/\/cekimdeyiz.com.tr\/wp-content\/uploads\/2025\/05\/437A3855-2-1-683x1024.jpg 683w, https:\/\/cekimdeyiz.com.tr\/wp-content\/uploads\/2025\/05\/437A3855-2-1-200x300.jpg 200w, https:\/\/cekimdeyiz.com.tr\/wp-content\/uploads\/2025\/05\/437A3855-2-1-768x1152.jpg 768w, https:\/\/cekimdeyiz.com.tr\/wp-content\/uploads\/2025\/05\/437A3855-2-1-1024x1536.jpg 1024w, https:\/\/cekimdeyiz.com.tr\/wp-content\/uploads\/2025\/05\/437A3855-2-1-1365x2048.jpg 1365w, https:\/\/cekimdeyiz.com.tr\/wp-content\/uploads\/2025\/05\/437A3855-2-1-scaled.jpg 1707w\" sizes=\"(max-width: 683px) 100vw, 683px\" \/><\/figure>\n\n\n\n<figure class=\"wp-block-image size-large\"><img loading=\"lazy\" decoding=\"async\" width=\"683\" height=\"1024\" data-id=\"633\" src=\"https:\/\/cekimdeyiz.com.tr\/wp-content\/uploads\/2025\/05\/437A3878-2-2-683x1024.jpg\" alt=\"\" class=\"wp-image-633\" srcset=\"https:\/\/cekimdeyiz.com.tr\/wp-content\/uploads\/2025\/05\/437A3878-2-2-683x1024.jpg 683w, https:\/\/cekimdeyiz.com.tr\/wp-content\/uploads\/2025\/05\/437A3878-2-2-200x300.jpg 200w, https:\/\/cekimdeyiz.com.tr\/wp-content\/uploads\/2025\/05\/437A3878-2-2-768x1152.jpg 768w, https:\/\/cekimdeyiz.com.tr\/wp-content\/uploads\/2025\/05\/437A3878-2-2-1024x1536.jpg 1024w, https:\/\/cekimdeyiz.com.tr\/wp-content\/uploads\/2025\/05\/437A3878-2-2-1365x2048.jpg 1365w, https:\/\/cekimdeyiz.com.tr\/wp-content\/uploads\/2025\/05\/437A3878-2-2-scaled.jpg 1707w\" sizes=\"(max-width: 683px) 100vw, 683px\" \/><\/figure>\n<\/figure>\n","protected":false},"excerpt":{"rendered":"","protected":false},"author":1,"featured_media":0,"parent":0,"menu_order":0,"comment_status":"closed","ping_status":"closed","template":"","meta":{"_themeisle_gutenberg_block_has_review":false,"footnotes":""},"class_list":["post-618","page","type-page","status-publish","hentry"],"yoast_head":"<!-- This site is optimized with the Yoast SEO plugin v27.3 - https:\/\/yoast.com\/product\/yoast-seo-wordpress\/ -->\n<title>Adile Sultan Kasr\u0131 - &Ccedil;ekimdeyiz<\/title>\n<meta name=\"robots\" content=\"index, follow, max-snippet:-1, max-image-preview:large, max-video-preview:-1\" \/>\n<link rel=\"canonical\" href=\"https:\/\/cekimdeyiz.com.tr\/index.php\/adile-sultan-kasri\/\" \/>\n<meta property=\"og:locale\" content=\"tr_TR\" \/>\n<meta property=\"og:type\" content=\"article\" \/>\n<meta property=\"og:title\" content=\"Adile Sultan Kasr\u0131 - &Ccedil;ekimdeyiz\" \/>\n<meta property=\"og:url\" content=\"https:\/\/cekimdeyiz.com.tr\/index.php\/adile-sultan-kasri\/\" \/>\n<meta property=\"og:site_name\" content=\"&Ccedil;ekimdeyiz\" \/>\n<meta property=\"article:modified_time\" content=\"2025-05-06T08:12:35+00:00\" \/>\n<meta property=\"og:image\" content=\"https:\/\/cekimdeyiz.com.tr\/wp-content\/uploads\/2025\/05\/437A3846-2-2-scaled.jpg\" \/>\n\t<meta property=\"og:image:width\" content=\"1707\" \/>\n\t<meta property=\"og:image:height\" content=\"2560\" \/>\n\t<meta property=\"og:image:type\" content=\"image\/jpeg\" \/>\n<meta name=\"twitter:card\" content=\"summary_large_image\" \/>\n<meta name=\"twitter:label1\" content=\"Tahmini okuma s\u00fcresi\" \/>\n\t<meta name=\"twitter:data1\" content=\"2 dakika\" \/>\n<script type=\"application\/ld+json\" class=\"yoast-schema-graph\">{\"@context\":\"https:\\\/\\\/schema.org\",\"@graph\":[{\"@type\":\"WebPage\",\"@id\":\"https:\\\/\\\/cekimdeyiz.com.tr\\\/index.php\\\/adile-sultan-kasri\\\/\",\"url\":\"https:\\\/\\\/cekimdeyiz.com.tr\\\/index.php\\\/adile-sultan-kasri\\\/\",\"name\":\"Adile Sultan Kasr\u0131 - &Ccedil;ekimdeyiz\",\"isPartOf\":{\"@id\":\"https:\\\/\\\/cekimdeyiz.com.tr\\\/#website\"},\"primaryImageOfPage\":{\"@id\":\"https:\\\/\\\/cekimdeyiz.com.tr\\\/index.php\\\/adile-sultan-kasri\\\/#primaryimage\"},\"image\":{\"@id\":\"https:\\\/\\\/cekimdeyiz.com.tr\\\/index.php\\\/adile-sultan-kasri\\\/#primaryimage\"},\"thumbnailUrl\":\"https:\\\/\\\/cekimdeyiz.com.tr\\\/wp-content\\\/uploads\\\/2025\\\/05\\\/437A3846-2-2-683x1024.jpg\",\"datePublished\":\"2025-05-06T08:12:34+00:00\",\"dateModified\":\"2025-05-06T08:12:35+00:00\",\"breadcrumb\":{\"@id\":\"https:\\\/\\\/cekimdeyiz.com.tr\\\/index.php\\\/adile-sultan-kasri\\\/#breadcrumb\"},\"inLanguage\":\"tr\",\"potentialAction\":[{\"@type\":\"ReadAction\",\"target\":[\"https:\\\/\\\/cekimdeyiz.com.tr\\\/index.php\\\/adile-sultan-kasri\\\/\"]}]},{\"@type\":\"ImageObject\",\"inLanguage\":\"tr\",\"@id\":\"https:\\\/\\\/cekimdeyiz.com.tr\\\/index.php\\\/adile-sultan-kasri\\\/#primaryimage\",\"url\":\"https:\\\/\\\/cekimdeyiz.com.tr\\\/wp-content\\\/uploads\\\/2025\\\/05\\\/437A3846-2-2-scaled.jpg\",\"contentUrl\":\"https:\\\/\\\/cekimdeyiz.com.tr\\\/wp-content\\\/uploads\\\/2025\\\/05\\\/437A3846-2-2-scaled.jpg\",\"width\":1707,\"height\":2560},{\"@type\":\"BreadcrumbList\",\"@id\":\"https:\\\/\\\/cekimdeyiz.com.tr\\\/index.php\\\/adile-sultan-kasri\\\/#breadcrumb\",\"itemListElement\":[{\"@type\":\"ListItem\",\"position\":1,\"name\":\"Anasayfa\",\"item\":\"https:\\\/\\\/cekimdeyiz.com.tr\\\/\"},{\"@type\":\"ListItem\",\"position\":2,\"name\":\"Adile Sultan Kasr\u0131\"}]},{\"@type\":\"WebSite\",\"@id\":\"https:\\\/\\\/cekimdeyiz.com.tr\\\/#website\",\"url\":\"https:\\\/\\\/cekimdeyiz.com.tr\\\/\",\"name\":\"\u00c7ekimdeyiz D\u00fc\u011f\u00fcn Foto\u011fraf\u00e7\u0131s\u0131\",\"description\":\"D&uuml;\u011f&uuml;n Foto\u011fraf&ccedil;\u0131s\u0131\",\"publisher\":{\"@id\":\"https:\\\/\\\/cekimdeyiz.com.tr\\\/#organization\"},\"potentialAction\":[{\"@type\":\"SearchAction\",\"target\":{\"@type\":\"EntryPoint\",\"urlTemplate\":\"https:\\\/\\\/cekimdeyiz.com.tr\\\/?s={search_term_string}\"},\"query-input\":{\"@type\":\"PropertyValueSpecification\",\"valueRequired\":true,\"valueName\":\"search_term_string\"}}],\"inLanguage\":\"tr\"},{\"@type\":\"Organization\",\"@id\":\"https:\\\/\\\/cekimdeyiz.com.tr\\\/#organization\",\"name\":\"\u00c7ekimdeyiz\",\"url\":\"https:\\\/\\\/cekimdeyiz.com.tr\\\/\",\"logo\":{\"@type\":\"ImageObject\",\"inLanguage\":\"tr\",\"@id\":\"https:\\\/\\\/cekimdeyiz.com.tr\\\/#\\\/schema\\\/logo\\\/image\\\/\",\"url\":\"https:\\\/\\\/cekimdeyiz.com.tr\\\/wp-content\\\/uploads\\\/2024\\\/10\\\/cekimdeyiz-logo-1.jpg\",\"contentUrl\":\"https:\\\/\\\/cekimdeyiz.com.tr\\\/wp-content\\\/uploads\\\/2024\\\/10\\\/cekimdeyiz-logo-1.jpg\",\"width\":591,\"height\":709,\"caption\":\"\u00c7ekimdeyiz\"},\"image\":{\"@id\":\"https:\\\/\\\/cekimdeyiz.com.tr\\\/#\\\/schema\\\/logo\\\/image\\\/\"},\"sameAs\":[\"https:\\\/\\\/www.instagram.com\\\/cekimdeyiztr\\\/\"]}]}<\/script>\n<!-- \/ Yoast SEO plugin. -->","yoast_head_json":{"title":"Adile Sultan Kasr\u0131 - &Ccedil;ekimdeyiz","robots":{"index":"index","follow":"follow","max-snippet":"max-snippet:-1","max-image-preview":"max-image-preview:large","max-video-preview":"max-video-preview:-1"},"canonical":"https:\/\/cekimdeyiz.com.tr\/index.php\/adile-sultan-kasri\/","og_locale":"tr_TR","og_type":"article","og_title":"Adile Sultan Kasr\u0131 - &Ccedil;ekimdeyiz","og_url":"https:\/\/cekimdeyiz.com.tr\/index.php\/adile-sultan-kasri\/","og_site_name":"&Ccedil;ekimdeyiz","article_modified_time":"2025-05-06T08:12:35+00:00","og_image":[{"width":1707,"height":2560,"url":"https:\/\/cekimdeyiz.com.tr\/wp-content\/uploads\/2025\/05\/437A3846-2-2-scaled.jpg","type":"image\/jpeg"}],"twitter_card":"summary_large_image","twitter_misc":{"Tahmini okuma s\u00fcresi":"2 dakika"},"schema":{"@context":"https:\/\/schema.org","@graph":[{"@type":"WebPage","@id":"https:\/\/cekimdeyiz.com.tr\/index.php\/adile-sultan-kasri\/","url":"https:\/\/cekimdeyiz.com.tr\/index.php\/adile-sultan-kasri\/","name":"Adile Sultan Kasr\u0131 - &Ccedil;ekimdeyiz","isPartOf":{"@id":"https:\/\/cekimdeyiz.com.tr\/#website"},"primaryImageOfPage":{"@id":"https:\/\/cekimdeyiz.com.tr\/index.php\/adile-sultan-kasri\/#primaryimage"},"image":{"@id":"https:\/\/cekimdeyiz.com.tr\/index.php\/adile-sultan-kasri\/#primaryimage"},"thumbnailUrl":"https:\/\/cekimdeyiz.com.tr\/wp-content\/uploads\/2025\/05\/437A3846-2-2-683x1024.jpg","datePublished":"2025-05-06T08:12:34+00:00","dateModified":"2025-05-06T08:12:35+00:00","breadcrumb":{"@id":"https:\/\/cekimdeyiz.com.tr\/index.php\/adile-sultan-kasri\/#breadcrumb"},"inLanguage":"tr","potentialAction":[{"@type":"ReadAction","target":["https:\/\/cekimdeyiz.com.tr\/index.php\/adile-sultan-kasri\/"]}]},{"@type":"ImageObject","inLanguage":"tr","@id":"https:\/\/cekimdeyiz.com.tr\/index.php\/adile-sultan-kasri\/#primaryimage","url":"https:\/\/cekimdeyiz.com.tr\/wp-content\/uploads\/2025\/05\/437A3846-2-2-scaled.jpg","contentUrl":"https:\/\/cekimdeyiz.com.tr\/wp-content\/uploads\/2025\/05\/437A3846-2-2-scaled.jpg","width":1707,"height":2560},{"@type":"BreadcrumbList","@id":"https:\/\/cekimdeyiz.com.tr\/index.php\/adile-sultan-kasri\/#breadcrumb","itemListElement":[{"@type":"ListItem","position":1,"name":"Anasayfa","item":"https:\/\/cekimdeyiz.com.tr\/"},{"@type":"ListItem","position":2,"name":"Adile Sultan Kasr\u0131"}]},{"@type":"WebSite","@id":"https:\/\/cekimdeyiz.com.tr\/#website","url":"https:\/\/cekimdeyiz.com.tr\/","name":"\u00c7ekimdeyiz D\u00fc\u011f\u00fcn Foto\u011fraf\u00e7\u0131s\u0131","description":"D&uuml;\u011f&uuml;n Foto\u011fraf&ccedil;\u0131s\u0131","publisher":{"@id":"https:\/\/cekimdeyiz.com.tr\/#organization"},"potentialAction":[{"@type":"SearchAction","target":{"@type":"EntryPoint","urlTemplate":"https:\/\/cekimdeyiz.com.tr\/?s={search_term_string}"},"query-input":{"@type":"PropertyValueSpecification","valueRequired":true,"valueName":"search_term_string"}}],"inLanguage":"tr"},{"@type":"Organization","@id":"https:\/\/cekimdeyiz.com.tr\/#organization","name":"\u00c7ekimdeyiz","url":"https:\/\/cekimdeyiz.com.tr\/","logo":{"@type":"ImageObject","inLanguage":"tr","@id":"https:\/\/cekimdeyiz.com.tr\/#\/schema\/logo\/image\/","url":"https:\/\/cekimdeyiz.com.tr\/wp-content\/uploads\/2024\/10\/cekimdeyiz-logo-1.jpg","contentUrl":"https:\/\/cekimdeyiz.com.tr\/wp-content\/uploads\/2024\/10\/cekimdeyiz-logo-1.jpg","width":591,"height":709,"caption":"\u00c7ekimdeyiz"},"image":{"@id":"https:\/\/cekimdeyiz.com.tr\/#\/schema\/logo\/image\/"},"sameAs":["https:\/\/www.instagram.com\/cekimdeyiztr\/"]}]}},"_links":{"self":[{"href":"https:\/\/cekimdeyiz.com.tr\/index.php\/wp-json\/wp\/v2\/pages\/618","targetHints":{"allow":["GET"]}}],"collection":[{"href":"https:\/\/cekimdeyiz.com.tr\/index.php\/wp-json\/wp\/v2\/pages"}],"about":[{"href":"https:\/\/cekimdeyiz.com.tr\/index.php\/wp-json\/wp\/v2\/types\/page"}],"author":[{"embeddable":true,"href":"https:\/\/cekimdeyiz.com.tr\/index.php\/wp-json\/wp\/v2\/users\/1"}],"replies":[{"embeddable":true,"href":"https:\/\/cekimdeyiz.com.tr\/index.php\/wp-json\/wp\/v2\/comments?post=618"}],"version-history":[{"count":1,"href":"https:\/\/cekimdeyiz.com.tr\/index.php\/wp-json\/wp\/v2\/pages\/618\/revisions"}],"predecessor-version":[{"id":635,"href":"https:\/\/cekimdeyiz.com.tr\/index.php\/wp-json\/wp\/v2\/pages\/618\/revisions\/635"}],"wp:attachment":[{"href":"https:\/\/cekimdeyiz.com.tr\/index.php\/wp-json\/wp\/v2\/media?parent=618"}],"curies":[{"name":"wp","href":"https:\/\/api.w.org\/{rel}","templated":true}]}}