{"id":724,"date":"2025-05-06T14:12:36","date_gmt":"2025-05-06T14:12:36","guid":{"rendered":"https:\/\/cekimdeyiz.com.tr\/?page_id=724"},"modified":"2025-05-06T14:14:37","modified_gmt":"2025-05-06T14:14:37","slug":"sariyer-kosku","status":"publish","type":"page","link":"https:\/\/cekimdeyiz.com.tr\/index.php\/sariyer-kosku\/","title":{"rendered":"Sar\u0131yer K\u00f6\u015fk\u00fc"},"content":{"rendered":"\n<figure class=\"wp-block-gallery has-nested-images columns-default is-cropped wp-block-gallery-1 is-layout-flex wp-block-gallery-is-layout-flex\">\n<figure class=\"wp-block-image size-large\"><img fetchpriority=\"high\" decoding=\"async\" width=\"683\" height=\"1024\" data-id=\"737\" src=\"https:\/\/cekimdeyiz.com.tr\/wp-content\/uploads\/2025\/05\/25-683x1024.jpg\" alt=\"\" class=\"wp-image-737\" srcset=\"https:\/\/cekimdeyiz.com.tr\/wp-content\/uploads\/2025\/05\/25-683x1024.jpg 683w, https:\/\/cekimdeyiz.com.tr\/wp-content\/uploads\/2025\/05\/25-200x300.jpg 200w, https:\/\/cekimdeyiz.com.tr\/wp-content\/uploads\/2025\/05\/25-768x1152.jpg 768w, https:\/\/cekimdeyiz.com.tr\/wp-content\/uploads\/2025\/05\/25-1024x1536.jpg 1024w, https:\/\/cekimdeyiz.com.tr\/wp-content\/uploads\/2025\/05\/25-1365x2048.jpg 1365w, https:\/\/cekimdeyiz.com.tr\/wp-content\/uploads\/2025\/05\/25-scaled.jpg 1707w\" sizes=\"(max-width: 683px) 100vw, 683px\" \/><\/figure>\n\n\n\n<figure class=\"wp-block-image size-large\"><img decoding=\"async\" width=\"683\" height=\"1024\" data-id=\"725\" src=\"https:\/\/cekimdeyiz.com.tr\/wp-content\/uploads\/2025\/05\/EOSR4080-2-683x1024.jpg\" alt=\"\" class=\"wp-image-725\" srcset=\"https:\/\/cekimdeyiz.com.tr\/wp-content\/uploads\/2025\/05\/EOSR4080-2-683x1024.jpg 683w, https:\/\/cekimdeyiz.com.tr\/wp-content\/uploads\/2025\/05\/EOSR4080-2-200x300.jpg 200w, https:\/\/cekimdeyiz.com.tr\/wp-content\/uploads\/2025\/05\/EOSR4080-2-768x1152.jpg 768w, https:\/\/cekimdeyiz.com.tr\/wp-content\/uploads\/2025\/05\/EOSR4080-2-1024x1536.jpg 1024w, https:\/\/cekimdeyiz.com.tr\/wp-content\/uploads\/2025\/05\/EOSR4080-2-1365x2048.jpg 1365w, https:\/\/cekimdeyiz.com.tr\/wp-content\/uploads\/2025\/05\/EOSR4080-2-scaled.jpg 1707w\" sizes=\"(max-width: 683px) 100vw, 683px\" \/><\/figure>\n\n\n\n<figure class=\"wp-block-image size-large\"><img decoding=\"async\" width=\"683\" height=\"1024\" data-id=\"742\" src=\"https:\/\/cekimdeyiz.com.tr\/wp-content\/uploads\/2025\/05\/6W0A5714-2-683x1024.jpg\" alt=\"\" class=\"wp-image-742\" srcset=\"https:\/\/cekimdeyiz.com.tr\/wp-content\/uploads\/2025\/05\/6W0A5714-2-683x1024.jpg 683w, https:\/\/cekimdeyiz.com.tr\/wp-content\/uploads\/2025\/05\/6W0A5714-2-200x300.jpg 200w, https:\/\/cekimdeyiz.com.tr\/wp-content\/uploads\/2025\/05\/6W0A5714-2-768x1152.jpg 768w, https:\/\/cekimdeyiz.com.tr\/wp-content\/uploads\/2025\/05\/6W0A5714-2-1024x1536.jpg 1024w, https:\/\/cekimdeyiz.com.tr\/wp-content\/uploads\/2025\/05\/6W0A5714-2-1365x2048.jpg 1365w, https:\/\/cekimdeyiz.com.tr\/wp-content\/uploads\/2025\/05\/6W0A5714-2-scaled.jpg 1707w\" sizes=\"(max-width: 683px) 100vw, 683px\" \/><\/figure>\n\n\n\n<figure class=\"wp-block-image size-large\"><img loading=\"lazy\" decoding=\"async\" width=\"683\" height=\"1024\" data-id=\"735\" src=\"https:\/\/cekimdeyiz.com.tr\/wp-content\/uploads\/2025\/05\/6W0A3841-683x1024.jpg\" alt=\"\" class=\"wp-image-735\" srcset=\"https:\/\/cekimdeyiz.com.tr\/wp-content\/uploads\/2025\/05\/6W0A3841-683x1024.jpg 683w, https:\/\/cekimdeyiz.com.tr\/wp-content\/uploads\/2025\/05\/6W0A3841-200x300.jpg 200w, https:\/\/cekimdeyiz.com.tr\/wp-content\/uploads\/2025\/05\/6W0A3841-768x1152.jpg 768w, https:\/\/cekimdeyiz.com.tr\/wp-content\/uploads\/2025\/05\/6W0A3841-1024x1536.jpg 1024w, https:\/\/cekimdeyiz.com.tr\/wp-content\/uploads\/2025\/05\/6W0A3841-1366x2048.jpg 1366w, https:\/\/cekimdeyiz.com.tr\/wp-content\/uploads\/2025\/05\/6W0A3841-scaled.jpg 1707w\" sizes=\"(max-width: 683px) 100vw, 683px\" \/><\/figure>\n\n\n\n<figure class=\"wp-block-image size-large\"><img loading=\"lazy\" decoding=\"async\" width=\"683\" height=\"1024\" data-id=\"732\" src=\"https:\/\/cekimdeyiz.com.tr\/wp-content\/uploads\/2025\/05\/6W0A3408-683x1024.jpg\" alt=\"\" class=\"wp-image-732\" srcset=\"https:\/\/cekimdeyiz.com.tr\/wp-content\/uploads\/2025\/05\/6W0A3408-683x1024.jpg 683w, https:\/\/cekimdeyiz.com.tr\/wp-content\/uploads\/2025\/05\/6W0A3408-200x300.jpg 200w, https:\/\/cekimdeyiz.com.tr\/wp-content\/uploads\/2025\/05\/6W0A3408-768x1152.jpg 768w, https:\/\/cekimdeyiz.com.tr\/wp-content\/uploads\/2025\/05\/6W0A3408-1024x1536.jpg 1024w, https:\/\/cekimdeyiz.com.tr\/wp-content\/uploads\/2025\/05\/6W0A3408-1365x2048.jpg 1365w, https:\/\/cekimdeyiz.com.tr\/wp-content\/uploads\/2025\/05\/6W0A3408-scaled.jpg 1707w\" sizes=\"(max-width: 683px) 100vw, 683px\" \/><\/figure>\n\n\n\n<figure class=\"wp-block-image size-large\"><img loading=\"lazy\" decoding=\"async\" width=\"683\" height=\"1024\" data-id=\"736\" src=\"https:\/\/cekimdeyiz.com.tr\/wp-content\/uploads\/2025\/05\/7-683x1024.jpg\" alt=\"\" class=\"wp-image-736\" srcset=\"https:\/\/cekimdeyiz.com.tr\/wp-content\/uploads\/2025\/05\/7-683x1024.jpg 683w, https:\/\/cekimdeyiz.com.tr\/wp-content\/uploads\/2025\/05\/7-200x300.jpg 200w, https:\/\/cekimdeyiz.com.tr\/wp-content\/uploads\/2025\/05\/7-768x1152.jpg 768w, https:\/\/cekimdeyiz.com.tr\/wp-content\/uploads\/2025\/05\/7-1024x1536.jpg 1024w, https:\/\/cekimdeyiz.com.tr\/wp-content\/uploads\/2025\/05\/7-1365x2048.jpg 1365w, https:\/\/cekimdeyiz.com.tr\/wp-content\/uploads\/2025\/05\/7-scaled.jpg 1707w\" sizes=\"(max-width: 683px) 100vw, 683px\" \/><\/figure>\n\n\n\n<figure class=\"wp-block-image size-large\"><img loading=\"lazy\" decoding=\"async\" width=\"696\" height=\"1024\" data-id=\"731\" src=\"https:\/\/cekimdeyiz.com.tr\/wp-content\/uploads\/2025\/05\/EOSR4089-2-696x1024.jpg\" alt=\"\" class=\"wp-image-731\" srcset=\"https:\/\/cekimdeyiz.com.tr\/wp-content\/uploads\/2025\/05\/EOSR4089-2-696x1024.jpg 696w, https:\/\/cekimdeyiz.com.tr\/wp-content\/uploads\/2025\/05\/EOSR4089-2-204x300.jpg 204w, https:\/\/cekimdeyiz.com.tr\/wp-content\/uploads\/2025\/05\/EOSR4089-2-768x1131.jpg 768w, https:\/\/cekimdeyiz.com.tr\/wp-content\/uploads\/2025\/05\/EOSR4089-2-1043x1536.jpg 1043w, https:\/\/cekimdeyiz.com.tr\/wp-content\/uploads\/2025\/05\/EOSR4089-2-1391x2048.jpg 1391w, https:\/\/cekimdeyiz.com.tr\/wp-content\/uploads\/2025\/05\/EOSR4089-2-scaled.jpg 1739w\" sizes=\"(max-width: 696px) 100vw, 696px\" \/><\/figure>\n\n\n\n<figure class=\"wp-block-image size-large\"><img loading=\"lazy\" decoding=\"async\" width=\"683\" height=\"1024\" data-id=\"744\" src=\"https:\/\/cekimdeyiz.com.tr\/wp-content\/uploads\/2025\/05\/6W0A5920-2-683x1024.jpg\" alt=\"\" class=\"wp-image-744\" srcset=\"https:\/\/cekimdeyiz.com.tr\/wp-content\/uploads\/2025\/05\/6W0A5920-2-683x1024.jpg 683w, https:\/\/cekimdeyiz.com.tr\/wp-content\/uploads\/2025\/05\/6W0A5920-2-200x300.jpg 200w, https:\/\/cekimdeyiz.com.tr\/wp-content\/uploads\/2025\/05\/6W0A5920-2-768x1152.jpg 768w, https:\/\/cekimdeyiz.com.tr\/wp-content\/uploads\/2025\/05\/6W0A5920-2-1024x1536.jpg 1024w, https:\/\/cekimdeyiz.com.tr\/wp-content\/uploads\/2025\/05\/6W0A5920-2-1365x2048.jpg 1365w, https:\/\/cekimdeyiz.com.tr\/wp-content\/uploads\/2025\/05\/6W0A5920-2-scaled.jpg 1707w\" sizes=\"(max-width: 683px) 100vw, 683px\" \/><\/figure>\n\n\n\n<figure class=\"wp-block-image size-large\"><img loading=\"lazy\" decoding=\"async\" width=\"683\" height=\"1024\" data-id=\"734\" src=\"https:\/\/cekimdeyiz.com.tr\/wp-content\/uploads\/2025\/05\/6W0A4086-683x1024.jpg\" alt=\"\" class=\"wp-image-734\" srcset=\"https:\/\/cekimdeyiz.com.tr\/wp-content\/uploads\/2025\/05\/6W0A4086-683x1024.jpg 683w, https:\/\/cekimdeyiz.com.tr\/wp-content\/uploads\/2025\/05\/6W0A4086-200x300.jpg 200w, https:\/\/cekimdeyiz.com.tr\/wp-content\/uploads\/2025\/05\/6W0A4086-768x1152.jpg 768w, https:\/\/cekimdeyiz.com.tr\/wp-content\/uploads\/2025\/05\/6W0A4086-1024x1536.jpg 1024w, https:\/\/cekimdeyiz.com.tr\/wp-content\/uploads\/2025\/05\/6W0A4086-1365x2048.jpg 1365w, https:\/\/cekimdeyiz.com.tr\/wp-content\/uploads\/2025\/05\/6W0A4086-scaled.jpg 1707w\" sizes=\"(max-width: 683px) 100vw, 683px\" \/><\/figure>\n\n\n\n<figure class=\"wp-block-image size-large\"><img loading=\"lazy\" decoding=\"async\" width=\"683\" height=\"1024\" data-id=\"727\" src=\"https:\/\/cekimdeyiz.com.tr\/wp-content\/uploads\/2025\/05\/EOSR4124-2-683x1024.jpg\" alt=\"\" class=\"wp-image-727\" srcset=\"https:\/\/cekimdeyiz.com.tr\/wp-content\/uploads\/2025\/05\/EOSR4124-2-683x1024.jpg 683w, https:\/\/cekimdeyiz.com.tr\/wp-content\/uploads\/2025\/05\/EOSR4124-2-200x300.jpg 200w, https:\/\/cekimdeyiz.com.tr\/wp-content\/uploads\/2025\/05\/EOSR4124-2-768x1152.jpg 768w, https:\/\/cekimdeyiz.com.tr\/wp-content\/uploads\/2025\/05\/EOSR4124-2-1024x1536.jpg 1024w, https:\/\/cekimdeyiz.com.tr\/wp-content\/uploads\/2025\/05\/EOSR4124-2-1365x2048.jpg 1365w, https:\/\/cekimdeyiz.com.tr\/wp-content\/uploads\/2025\/05\/EOSR4124-2-scaled.jpg 1707w\" sizes=\"(max-width: 683px) 100vw, 683px\" \/><\/figure>\n\n\n\n<figure class=\"wp-block-image size-large\"><img loading=\"lazy\" decoding=\"async\" width=\"683\" height=\"1024\" data-id=\"746\" src=\"https:\/\/cekimdeyiz.com.tr\/wp-content\/uploads\/2025\/05\/6W0A6266-2-683x1024.jpg\" alt=\"\" class=\"wp-image-746\" srcset=\"https:\/\/cekimdeyiz.com.tr\/wp-content\/uploads\/2025\/05\/6W0A6266-2-683x1024.jpg 683w, https:\/\/cekimdeyiz.com.tr\/wp-content\/uploads\/2025\/05\/6W0A6266-2-200x300.jpg 200w, https:\/\/cekimdeyiz.com.tr\/wp-content\/uploads\/2025\/05\/6W0A6266-2-768x1152.jpg 768w, https:\/\/cekimdeyiz.com.tr\/wp-content\/uploads\/2025\/05\/6W0A6266-2-1024x1536.jpg 1024w, https:\/\/cekimdeyiz.com.tr\/wp-content\/uploads\/2025\/05\/6W0A6266-2-1365x2048.jpg 1365w, https:\/\/cekimdeyiz.com.tr\/wp-content\/uploads\/2025\/05\/6W0A6266-2-scaled.jpg 1707w\" sizes=\"(max-width: 683px) 100vw, 683px\" \/><\/figure>\n\n\n\n<figure class=\"wp-block-image size-large\"><img loading=\"lazy\" decoding=\"async\" width=\"683\" height=\"1024\" data-id=\"733\" src=\"https:\/\/cekimdeyiz.com.tr\/wp-content\/uploads\/2025\/05\/6W0A3659-683x1024.jpg\" alt=\"\" class=\"wp-image-733\" srcset=\"https:\/\/cekimdeyiz.com.tr\/wp-content\/uploads\/2025\/05\/6W0A3659-683x1024.jpg 683w, https:\/\/cekimdeyiz.com.tr\/wp-content\/uploads\/2025\/05\/6W0A3659-200x300.jpg 200w, https:\/\/cekimdeyiz.com.tr\/wp-content\/uploads\/2025\/05\/6W0A3659-768x1152.jpg 768w, https:\/\/cekimdeyiz.com.tr\/wp-content\/uploads\/2025\/05\/6W0A3659-1024x1536.jpg 1024w, https:\/\/cekimdeyiz.com.tr\/wp-content\/uploads\/2025\/05\/6W0A3659-1365x2048.jpg 1365w, https:\/\/cekimdeyiz.com.tr\/wp-content\/uploads\/2025\/05\/6W0A3659-scaled.jpg 1707w\" sizes=\"(max-width: 683px) 100vw, 683px\" \/><\/figure>\n\n\n\n<figure class=\"wp-block-image size-large\"><img loading=\"lazy\" decoding=\"async\" width=\"683\" height=\"1024\" data-id=\"743\" src=\"https:\/\/cekimdeyiz.com.tr\/wp-content\/uploads\/2025\/05\/6W0A5783-2-683x1024.jpg\" alt=\"\" class=\"wp-image-743\" srcset=\"https:\/\/cekimdeyiz.com.tr\/wp-content\/uploads\/2025\/05\/6W0A5783-2-683x1024.jpg 683w, https:\/\/cekimdeyiz.com.tr\/wp-content\/uploads\/2025\/05\/6W0A5783-2-200x300.jpg 200w, https:\/\/cekimdeyiz.com.tr\/wp-content\/uploads\/2025\/05\/6W0A5783-2-768x1152.jpg 768w, https:\/\/cekimdeyiz.com.tr\/wp-content\/uploads\/2025\/05\/6W0A5783-2-1024x1536.jpg 1024w, https:\/\/cekimdeyiz.com.tr\/wp-content\/uploads\/2025\/05\/6W0A5783-2-1365x2048.jpg 1365w, https:\/\/cekimdeyiz.com.tr\/wp-content\/uploads\/2025\/05\/6W0A5783-2-scaled.jpg 1707w\" sizes=\"(max-width: 683px) 100vw, 683px\" \/><\/figure>\n\n\n\n<figure class=\"wp-block-image size-large\"><img loading=\"lazy\" decoding=\"async\" width=\"683\" height=\"1024\" data-id=\"738\" src=\"https:\/\/cekimdeyiz.com.tr\/wp-content\/uploads\/2025\/05\/21-683x1024.jpg\" alt=\"\" class=\"wp-image-738\" srcset=\"https:\/\/cekimdeyiz.com.tr\/wp-content\/uploads\/2025\/05\/21-683x1024.jpg 683w, https:\/\/cekimdeyiz.com.tr\/wp-content\/uploads\/2025\/05\/21-200x300.jpg 200w, https:\/\/cekimdeyiz.com.tr\/wp-content\/uploads\/2025\/05\/21-768x1152.jpg 768w, https:\/\/cekimdeyiz.com.tr\/wp-content\/uploads\/2025\/05\/21-1024x1536.jpg 1024w, https:\/\/cekimdeyiz.com.tr\/wp-content\/uploads\/2025\/05\/21-1365x2048.jpg 1365w, https:\/\/cekimdeyiz.com.tr\/wp-content\/uploads\/2025\/05\/21-scaled.jpg 1707w\" sizes=\"(max-width: 683px) 100vw, 683px\" \/><\/figure>\n\n\n\n<figure class=\"wp-block-image size-large\"><img loading=\"lazy\" decoding=\"async\" width=\"683\" height=\"1024\" data-id=\"749\" src=\"https:\/\/cekimdeyiz.com.tr\/wp-content\/uploads\/2025\/05\/6W0A5853-2-683x1024.jpg\" alt=\"\" class=\"wp-image-749\" srcset=\"https:\/\/cekimdeyiz.com.tr\/wp-content\/uploads\/2025\/05\/6W0A5853-2-683x1024.jpg 683w, https:\/\/cekimdeyiz.com.tr\/wp-content\/uploads\/2025\/05\/6W0A5853-2-200x300.jpg 200w, https:\/\/cekimdeyiz.com.tr\/wp-content\/uploads\/2025\/05\/6W0A5853-2-768x1152.jpg 768w, https:\/\/cekimdeyiz.com.tr\/wp-content\/uploads\/2025\/05\/6W0A5853-2-1024x1536.jpg 1024w, https:\/\/cekimdeyiz.com.tr\/wp-content\/uploads\/2025\/05\/6W0A5853-2-1365x2048.jpg 1365w, https:\/\/cekimdeyiz.com.tr\/wp-content\/uploads\/2025\/05\/6W0A5853-2-scaled.jpg 1707w\" sizes=\"(max-width: 683px) 100vw, 683px\" \/><\/figure>\n\n\n\n<figure class=\"wp-block-image size-large\"><img loading=\"lazy\" decoding=\"async\" width=\"683\" height=\"1024\" data-id=\"740\" src=\"https:\/\/cekimdeyiz.com.tr\/wp-content\/uploads\/2025\/05\/18-683x1024.jpg\" alt=\"\" class=\"wp-image-740\" srcset=\"https:\/\/cekimdeyiz.com.tr\/wp-content\/uploads\/2025\/05\/18-683x1024.jpg 683w, https:\/\/cekimdeyiz.com.tr\/wp-content\/uploads\/2025\/05\/18-200x300.jpg 200w, https:\/\/cekimdeyiz.com.tr\/wp-content\/uploads\/2025\/05\/18-768x1152.jpg 768w, https:\/\/cekimdeyiz.com.tr\/wp-content\/uploads\/2025\/05\/18-1024x1536.jpg 1024w, https:\/\/cekimdeyiz.com.tr\/wp-content\/uploads\/2025\/05\/18-1365x2048.jpg 1365w, https:\/\/cekimdeyiz.com.tr\/wp-content\/uploads\/2025\/05\/18-scaled.jpg 1707w\" sizes=\"(max-width: 683px) 100vw, 683px\" \/><\/figure>\n\n\n\n<figure class=\"wp-block-image size-large\"><img loading=\"lazy\" decoding=\"async\" width=\"683\" height=\"1024\" data-id=\"726\" src=\"https:\/\/cekimdeyiz.com.tr\/wp-content\/uploads\/2025\/05\/EOSR4103-2-683x1024.jpg\" alt=\"\" class=\"wp-image-726\" srcset=\"https:\/\/cekimdeyiz.com.tr\/wp-content\/uploads\/2025\/05\/EOSR4103-2-683x1024.jpg 683w, https:\/\/cekimdeyiz.com.tr\/wp-content\/uploads\/2025\/05\/EOSR4103-2-200x300.jpg 200w, https:\/\/cekimdeyiz.com.tr\/wp-content\/uploads\/2025\/05\/EOSR4103-2-768x1152.jpg 768w, https:\/\/cekimdeyiz.com.tr\/wp-content\/uploads\/2025\/05\/EOSR4103-2-1024x1536.jpg 1024w, https:\/\/cekimdeyiz.com.tr\/wp-content\/uploads\/2025\/05\/EOSR4103-2-1365x2048.jpg 1365w, https:\/\/cekimdeyiz.com.tr\/wp-content\/uploads\/2025\/05\/EOSR4103-2-scaled.jpg 1707w\" sizes=\"(max-width: 683px) 100vw, 683px\" \/><\/figure>\n\n\n\n<figure class=\"wp-block-image size-large\"><img loading=\"lazy\" decoding=\"async\" width=\"683\" height=\"1024\" data-id=\"739\" src=\"https:\/\/cekimdeyiz.com.tr\/wp-content\/uploads\/2025\/05\/22-683x1024.jpg\" alt=\"\" class=\"wp-image-739\" srcset=\"https:\/\/cekimdeyiz.com.tr\/wp-content\/uploads\/2025\/05\/22-683x1024.jpg 683w, https:\/\/cekimdeyiz.com.tr\/wp-content\/uploads\/2025\/05\/22-200x300.jpg 200w, https:\/\/cekimdeyiz.com.tr\/wp-content\/uploads\/2025\/05\/22-768x1152.jpg 768w, https:\/\/cekimdeyiz.com.tr\/wp-content\/uploads\/2025\/05\/22-1024x1536.jpg 1024w, https:\/\/cekimdeyiz.com.tr\/wp-content\/uploads\/2025\/05\/22-1365x2048.jpg 1365w, https:\/\/cekimdeyiz.com.tr\/wp-content\/uploads\/2025\/05\/22-scaled.jpg 1707w\" sizes=\"(max-width: 683px) 100vw, 683px\" \/><\/figure>\n<\/figure>\n","protected":false},"excerpt":{"rendered":"","protected":false},"author":1,"featured_media":0,"parent":0,"menu_order":0,"comment_status":"closed","ping_status":"closed","template":"","meta":{"_themeisle_gutenberg_block_has_review":false,"footnotes":""},"class_list":["post-724","page","type-page","status-publish","hentry"],"yoast_head":"<!-- This site is optimized with the Yoast SEO plugin v27.3 - https:\/\/yoast.com\/product\/yoast-seo-wordpress\/ -->\n<title>Sar\u0131yer K\u00f6\u015fk\u00fc - &Ccedil;ekimdeyiz<\/title>\n<meta name=\"robots\" content=\"index, follow, max-snippet:-1, max-image-preview:large, max-video-preview:-1\" \/>\n<link rel=\"canonical\" href=\"https:\/\/cekimdeyiz.com.tr\/index.php\/sariyer-kosku\/\" \/>\n<meta property=\"og:locale\" content=\"tr_TR\" \/>\n<meta property=\"og:type\" content=\"article\" \/>\n<meta property=\"og:title\" content=\"Sar\u0131yer K\u00f6\u015fk\u00fc - &Ccedil;ekimdeyiz\" \/>\n<meta property=\"og:url\" content=\"https:\/\/cekimdeyiz.com.tr\/index.php\/sariyer-kosku\/\" \/>\n<meta property=\"og:site_name\" content=\"&Ccedil;ekimdeyiz\" \/>\n<meta property=\"article:modified_time\" content=\"2025-05-06T14:14:37+00:00\" \/>\n<meta property=\"og:image\" content=\"https:\/\/cekimdeyiz.com.tr\/wp-content\/uploads\/2025\/05\/25-scaled.jpg\" \/>\n\t<meta property=\"og:image:width\" content=\"1707\" \/>\n\t<meta property=\"og:image:height\" content=\"2560\" \/>\n\t<meta property=\"og:image:type\" content=\"image\/jpeg\" \/>\n<meta name=\"twitter:card\" content=\"summary_large_image\" \/>\n<meta name=\"twitter:label1\" content=\"Tahmini okuma s\u00fcresi\" \/>\n\t<meta name=\"twitter:data1\" content=\"4 dakika\" \/>\n<script type=\"application\/ld+json\" class=\"yoast-schema-graph\">{\"@context\":\"https:\\\/\\\/schema.org\",\"@graph\":[{\"@type\":\"WebPage\",\"@id\":\"https:\\\/\\\/cekimdeyiz.com.tr\\\/index.php\\\/sariyer-kosku\\\/\",\"url\":\"https:\\\/\\\/cekimdeyiz.com.tr\\\/index.php\\\/sariyer-kosku\\\/\",\"name\":\"Sar\u0131yer K\u00f6\u015fk\u00fc - &Ccedil;ekimdeyiz\",\"isPartOf\":{\"@id\":\"https:\\\/\\\/cekimdeyiz.com.tr\\\/#website\"},\"primaryImageOfPage\":{\"@id\":\"https:\\\/\\\/cekimdeyiz.com.tr\\\/index.php\\\/sariyer-kosku\\\/#primaryimage\"},\"image\":{\"@id\":\"https:\\\/\\\/cekimdeyiz.com.tr\\\/index.php\\\/sariyer-kosku\\\/#primaryimage\"},\"thumbnailUrl\":\"https:\\\/\\\/cekimdeyiz.com.tr\\\/wp-content\\\/uploads\\\/2025\\\/05\\\/25-683x1024.jpg\",\"datePublished\":\"2025-05-06T14:12:36+00:00\",\"dateModified\":\"2025-05-06T14:14:37+00:00\",\"breadcrumb\":{\"@id\":\"https:\\\/\\\/cekimdeyiz.com.tr\\\/index.php\\\/sariyer-kosku\\\/#breadcrumb\"},\"inLanguage\":\"tr\",\"potentialAction\":[{\"@type\":\"ReadAction\",\"target\":[\"https:\\\/\\\/cekimdeyiz.com.tr\\\/index.php\\\/sariyer-kosku\\\/\"]}]},{\"@type\":\"ImageObject\",\"inLanguage\":\"tr\",\"@id\":\"https:\\\/\\\/cekimdeyiz.com.tr\\\/index.php\\\/sariyer-kosku\\\/#primaryimage\",\"url\":\"https:\\\/\\\/cekimdeyiz.com.tr\\\/wp-content\\\/uploads\\\/2025\\\/05\\\/25-scaled.jpg\",\"contentUrl\":\"https:\\\/\\\/cekimdeyiz.com.tr\\\/wp-content\\\/uploads\\\/2025\\\/05\\\/25-scaled.jpg\",\"width\":1707,\"height\":2560},{\"@type\":\"BreadcrumbList\",\"@id\":\"https:\\\/\\\/cekimdeyiz.com.tr\\\/index.php\\\/sariyer-kosku\\\/#breadcrumb\",\"itemListElement\":[{\"@type\":\"ListItem\",\"position\":1,\"name\":\"Anasayfa\",\"item\":\"https:\\\/\\\/cekimdeyiz.com.tr\\\/\"},{\"@type\":\"ListItem\",\"position\":2,\"name\":\"Sar\u0131yer K\u00f6\u015fk\u00fc\"}]},{\"@type\":\"WebSite\",\"@id\":\"https:\\\/\\\/cekimdeyiz.com.tr\\\/#website\",\"url\":\"https:\\\/\\\/cekimdeyiz.com.tr\\\/\",\"name\":\"\u00c7ekimdeyiz D\u00fc\u011f\u00fcn Foto\u011fraf\u00e7\u0131s\u0131\",\"description\":\"D&uuml;\u011f&uuml;n Foto\u011fraf&ccedil;\u0131s\u0131\",\"publisher\":{\"@id\":\"https:\\\/\\\/cekimdeyiz.com.tr\\\/#organization\"},\"potentialAction\":[{\"@type\":\"SearchAction\",\"target\":{\"@type\":\"EntryPoint\",\"urlTemplate\":\"https:\\\/\\\/cekimdeyiz.com.tr\\\/?s={search_term_string}\"},\"query-input\":{\"@type\":\"PropertyValueSpecification\",\"valueRequired\":true,\"valueName\":\"search_term_string\"}}],\"inLanguage\":\"tr\"},{\"@type\":\"Organization\",\"@id\":\"https:\\\/\\\/cekimdeyiz.com.tr\\\/#organization\",\"name\":\"\u00c7ekimdeyiz\",\"url\":\"https:\\\/\\\/cekimdeyiz.com.tr\\\/\",\"logo\":{\"@type\":\"ImageObject\",\"inLanguage\":\"tr\",\"@id\":\"https:\\\/\\\/cekimdeyiz.com.tr\\\/#\\\/schema\\\/logo\\\/image\\\/\",\"url\":\"https:\\\/\\\/cekimdeyiz.com.tr\\\/wp-content\\\/uploads\\\/2024\\\/10\\\/cekimdeyiz-logo-1.jpg\",\"contentUrl\":\"https:\\\/\\\/cekimdeyiz.com.tr\\\/wp-content\\\/uploads\\\/2024\\\/10\\\/cekimdeyiz-logo-1.jpg\",\"width\":591,\"height\":709,\"caption\":\"\u00c7ekimdeyiz\"},\"image\":{\"@id\":\"https:\\\/\\\/cekimdeyiz.com.tr\\\/#\\\/schema\\\/logo\\\/image\\\/\"},\"sameAs\":[\"https:\\\/\\\/www.instagram.com\\\/cekimdeyiztr\\\/\"]}]}<\/script>\n<!-- \/ Yoast SEO plugin. -->","yoast_head_json":{"title":"Sar\u0131yer K\u00f6\u015fk\u00fc - &Ccedil;ekimdeyiz","robots":{"index":"index","follow":"follow","max-snippet":"max-snippet:-1","max-image-preview":"max-image-preview:large","max-video-preview":"max-video-preview:-1"},"canonical":"https:\/\/cekimdeyiz.com.tr\/index.php\/sariyer-kosku\/","og_locale":"tr_TR","og_type":"article","og_title":"Sar\u0131yer K\u00f6\u015fk\u00fc - &Ccedil;ekimdeyiz","og_url":"https:\/\/cekimdeyiz.com.tr\/index.php\/sariyer-kosku\/","og_site_name":"&Ccedil;ekimdeyiz","article_modified_time":"2025-05-06T14:14:37+00:00","og_image":[{"width":1707,"height":2560,"url":"https:\/\/cekimdeyiz.com.tr\/wp-content\/uploads\/2025\/05\/25-scaled.jpg","type":"image\/jpeg"}],"twitter_card":"summary_large_image","twitter_misc":{"Tahmini okuma s\u00fcresi":"4 dakika"},"schema":{"@context":"https:\/\/schema.org","@graph":[{"@type":"WebPage","@id":"https:\/\/cekimdeyiz.com.tr\/index.php\/sariyer-kosku\/","url":"https:\/\/cekimdeyiz.com.tr\/index.php\/sariyer-kosku\/","name":"Sar\u0131yer K\u00f6\u015fk\u00fc - &Ccedil;ekimdeyiz","isPartOf":{"@id":"https:\/\/cekimdeyiz.com.tr\/#website"},"primaryImageOfPage":{"@id":"https:\/\/cekimdeyiz.com.tr\/index.php\/sariyer-kosku\/#primaryimage"},"image":{"@id":"https:\/\/cekimdeyiz.com.tr\/index.php\/sariyer-kosku\/#primaryimage"},"thumbnailUrl":"https:\/\/cekimdeyiz.com.tr\/wp-content\/uploads\/2025\/05\/25-683x1024.jpg","datePublished":"2025-05-06T14:12:36+00:00","dateModified":"2025-05-06T14:14:37+00:00","breadcrumb":{"@id":"https:\/\/cekimdeyiz.com.tr\/index.php\/sariyer-kosku\/#breadcrumb"},"inLanguage":"tr","potentialAction":[{"@type":"ReadAction","target":["https:\/\/cekimdeyiz.com.tr\/index.php\/sariyer-kosku\/"]}]},{"@type":"ImageObject","inLanguage":"tr","@id":"https:\/\/cekimdeyiz.com.tr\/index.php\/sariyer-kosku\/#primaryimage","url":"https:\/\/cekimdeyiz.com.tr\/wp-content\/uploads\/2025\/05\/25-scaled.jpg","contentUrl":"https:\/\/cekimdeyiz.com.tr\/wp-content\/uploads\/2025\/05\/25-scaled.jpg","width":1707,"height":2560},{"@type":"BreadcrumbList","@id":"https:\/\/cekimdeyiz.com.tr\/index.php\/sariyer-kosku\/#breadcrumb","itemListElement":[{"@type":"ListItem","position":1,"name":"Anasayfa","item":"https:\/\/cekimdeyiz.com.tr\/"},{"@type":"ListItem","position":2,"name":"Sar\u0131yer K\u00f6\u015fk\u00fc"}]},{"@type":"WebSite","@id":"https:\/\/cekimdeyiz.com.tr\/#website","url":"https:\/\/cekimdeyiz.com.tr\/","name":"\u00c7ekimdeyiz D\u00fc\u011f\u00fcn Foto\u011fraf\u00e7\u0131s\u0131","description":"D&uuml;\u011f&uuml;n Foto\u011fraf&ccedil;\u0131s\u0131","publisher":{"@id":"https:\/\/cekimdeyiz.com.tr\/#organization"},"potentialAction":[{"@type":"SearchAction","target":{"@type":"EntryPoint","urlTemplate":"https:\/\/cekimdeyiz.com.tr\/?s={search_term_string}"},"query-input":{"@type":"PropertyValueSpecification","valueRequired":true,"valueName":"search_term_string"}}],"inLanguage":"tr"},{"@type":"Organization","@id":"https:\/\/cekimdeyiz.com.tr\/#organization","name":"\u00c7ekimdeyiz","url":"https:\/\/cekimdeyiz.com.tr\/","logo":{"@type":"ImageObject","inLanguage":"tr","@id":"https:\/\/cekimdeyiz.com.tr\/#\/schema\/logo\/image\/","url":"https:\/\/cekimdeyiz.com.tr\/wp-content\/uploads\/2024\/10\/cekimdeyiz-logo-1.jpg","contentUrl":"https:\/\/cekimdeyiz.com.tr\/wp-content\/uploads\/2024\/10\/cekimdeyiz-logo-1.jpg","width":591,"height":709,"caption":"\u00c7ekimdeyiz"},"image":{"@id":"https:\/\/cekimdeyiz.com.tr\/#\/schema\/logo\/image\/"},"sameAs":["https:\/\/www.instagram.com\/cekimdeyiztr\/"]}]}},"_links":{"self":[{"href":"https:\/\/cekimdeyiz.com.tr\/index.php\/wp-json\/wp\/v2\/pages\/724","targetHints":{"allow":["GET"]}}],"collection":[{"href":"https:\/\/cekimdeyiz.com.tr\/index.php\/wp-json\/wp\/v2\/pages"}],"about":[{"href":"https:\/\/cekimdeyiz.com.tr\/index.php\/wp-json\/wp\/v2\/types\/page"}],"author":[{"embeddable":true,"href":"https:\/\/cekimdeyiz.com.tr\/index.php\/wp-json\/wp\/v2\/users\/1"}],"replies":[{"embeddable":true,"href":"https:\/\/cekimdeyiz.com.tr\/index.php\/wp-json\/wp\/v2\/comments?post=724"}],"version-history":[{"count":3,"href":"https:\/\/cekimdeyiz.com.tr\/index.php\/wp-json\/wp\/v2\/pages\/724\/revisions"}],"predecessor-version":[{"id":751,"href":"https:\/\/cekimdeyiz.com.tr\/index.php\/wp-json\/wp\/v2\/pages\/724\/revisions\/751"}],"wp:attachment":[{"href":"https:\/\/cekimdeyiz.com.tr\/index.php\/wp-json\/wp\/v2\/media?parent=724"}],"curies":[{"name":"wp","href":"https:\/\/api.w.org\/{rel}","templated":true}]}}