{"id":752,"date":"2025-05-06T14:28:37","date_gmt":"2025-05-06T14:28:37","guid":{"rendered":"https:\/\/cekimdeyiz.com.tr\/?page_id=752"},"modified":"2025-05-06T14:28:46","modified_gmt":"2025-05-06T14:28:46","slug":"sariyer-korusu-platosu","status":"publish","type":"page","link":"https:\/\/cekimdeyiz.com.tr\/index.php\/sariyer-korusu-platosu\/","title":{"rendered":"Sar\u0131yer Korusu Platosu"},"content":{"rendered":"\n<figure class=\"wp-block-gallery has-nested-images columns-default is-cropped wp-block-gallery-1 is-layout-flex wp-block-gallery-is-layout-flex\">\n<figure class=\"wp-block-image size-large\"><img fetchpriority=\"high\" decoding=\"async\" width=\"683\" height=\"1024\" data-id=\"753\" src=\"https:\/\/cekimdeyiz.com.tr\/wp-content\/uploads\/2025\/05\/437A2276-683x1024.jpg\" alt=\"\" class=\"wp-image-753\" srcset=\"https:\/\/cekimdeyiz.com.tr\/wp-content\/uploads\/2025\/05\/437A2276-683x1024.jpg 683w, https:\/\/cekimdeyiz.com.tr\/wp-content\/uploads\/2025\/05\/437A2276-200x300.jpg 200w, https:\/\/cekimdeyiz.com.tr\/wp-content\/uploads\/2025\/05\/437A2276-768x1152.jpg 768w, https:\/\/cekimdeyiz.com.tr\/wp-content\/uploads\/2025\/05\/437A2276-1024x1536.jpg 1024w, https:\/\/cekimdeyiz.com.tr\/wp-content\/uploads\/2025\/05\/437A2276-1365x2048.jpg 1365w, https:\/\/cekimdeyiz.com.tr\/wp-content\/uploads\/2025\/05\/437A2276-scaled.jpg 1707w\" sizes=\"(max-width: 683px) 100vw, 683px\" \/><\/figure>\n\n\n\n<figure class=\"wp-block-image size-large\"><img decoding=\"async\" width=\"683\" height=\"1024\" data-id=\"770\" src=\"https:\/\/cekimdeyiz.com.tr\/wp-content\/uploads\/2025\/05\/912A9419-683x1024.jpg\" alt=\"\" class=\"wp-image-770\" srcset=\"https:\/\/cekimdeyiz.com.tr\/wp-content\/uploads\/2025\/05\/912A9419-683x1024.jpg 683w, https:\/\/cekimdeyiz.com.tr\/wp-content\/uploads\/2025\/05\/912A9419-200x300.jpg 200w, https:\/\/cekimdeyiz.com.tr\/wp-content\/uploads\/2025\/05\/912A9419-768x1152.jpg 768w, https:\/\/cekimdeyiz.com.tr\/wp-content\/uploads\/2025\/05\/912A9419-1024x1536.jpg 1024w, https:\/\/cekimdeyiz.com.tr\/wp-content\/uploads\/2025\/05\/912A9419-1365x2048.jpg 1365w, https:\/\/cekimdeyiz.com.tr\/wp-content\/uploads\/2025\/05\/912A9419-scaled.jpg 1707w\" sizes=\"(max-width: 683px) 100vw, 683px\" \/><\/figure>\n\n\n\n<figure class=\"wp-block-image size-large\"><img decoding=\"async\" width=\"683\" height=\"1024\" data-id=\"774\" src=\"https:\/\/cekimdeyiz.com.tr\/wp-content\/uploads\/2025\/05\/IMG_5707-2-683x1024.jpg\" alt=\"\" class=\"wp-image-774\" srcset=\"https:\/\/cekimdeyiz.com.tr\/wp-content\/uploads\/2025\/05\/IMG_5707-2-683x1024.jpg 683w, https:\/\/cekimdeyiz.com.tr\/wp-content\/uploads\/2025\/05\/IMG_5707-2-200x300.jpg 200w, https:\/\/cekimdeyiz.com.tr\/wp-content\/uploads\/2025\/05\/IMG_5707-2-768x1152.jpg 768w, https:\/\/cekimdeyiz.com.tr\/wp-content\/uploads\/2025\/05\/IMG_5707-2-1024x1536.jpg 1024w, https:\/\/cekimdeyiz.com.tr\/wp-content\/uploads\/2025\/05\/IMG_5707-2-1365x2048.jpg 1365w, https:\/\/cekimdeyiz.com.tr\/wp-content\/uploads\/2025\/05\/IMG_5707-2-scaled.jpg 1707w\" sizes=\"(max-width: 683px) 100vw, 683px\" \/><\/figure>\n\n\n\n<figure class=\"wp-block-image size-large\"><img loading=\"lazy\" decoding=\"async\" width=\"683\" height=\"1024\" data-id=\"778\" src=\"https:\/\/cekimdeyiz.com.tr\/wp-content\/uploads\/2025\/05\/A19A5482-683x1024.jpg\" alt=\"\" class=\"wp-image-778\" srcset=\"https:\/\/cekimdeyiz.com.tr\/wp-content\/uploads\/2025\/05\/A19A5482-683x1024.jpg 683w, https:\/\/cekimdeyiz.com.tr\/wp-content\/uploads\/2025\/05\/A19A5482-200x300.jpg 200w, https:\/\/cekimdeyiz.com.tr\/wp-content\/uploads\/2025\/05\/A19A5482-768x1152.jpg 768w, https:\/\/cekimdeyiz.com.tr\/wp-content\/uploads\/2025\/05\/A19A5482-1024x1536.jpg 1024w, https:\/\/cekimdeyiz.com.tr\/wp-content\/uploads\/2025\/05\/A19A5482-1365x2048.jpg 1365w, https:\/\/cekimdeyiz.com.tr\/wp-content\/uploads\/2025\/05\/A19A5482-scaled.jpg 1707w\" sizes=\"(max-width: 683px) 100vw, 683px\" \/><\/figure>\n\n\n\n<figure class=\"wp-block-image size-large\"><img loading=\"lazy\" decoding=\"async\" width=\"683\" height=\"1024\" data-id=\"756\" src=\"https:\/\/cekimdeyiz.com.tr\/wp-content\/uploads\/2025\/05\/437A2754-683x1024.jpg\" alt=\"\" class=\"wp-image-756\" srcset=\"https:\/\/cekimdeyiz.com.tr\/wp-content\/uploads\/2025\/05\/437A2754-683x1024.jpg 683w, https:\/\/cekimdeyiz.com.tr\/wp-content\/uploads\/2025\/05\/437A2754-200x300.jpg 200w, https:\/\/cekimdeyiz.com.tr\/wp-content\/uploads\/2025\/05\/437A2754-768x1152.jpg 768w, https:\/\/cekimdeyiz.com.tr\/wp-content\/uploads\/2025\/05\/437A2754-1024x1536.jpg 1024w, https:\/\/cekimdeyiz.com.tr\/wp-content\/uploads\/2025\/05\/437A2754-1365x2048.jpg 1365w, https:\/\/cekimdeyiz.com.tr\/wp-content\/uploads\/2025\/05\/437A2754-scaled.jpg 1707w\" sizes=\"(max-width: 683px) 100vw, 683px\" \/><\/figure>\n\n\n\n<figure class=\"wp-block-image size-large\"><img loading=\"lazy\" decoding=\"async\" width=\"683\" height=\"1024\" data-id=\"769\" src=\"https:\/\/cekimdeyiz.com.tr\/wp-content\/uploads\/2025\/05\/912A9386-683x1024.jpg\" alt=\"\" class=\"wp-image-769\" srcset=\"https:\/\/cekimdeyiz.com.tr\/wp-content\/uploads\/2025\/05\/912A9386-683x1024.jpg 683w, https:\/\/cekimdeyiz.com.tr\/wp-content\/uploads\/2025\/05\/912A9386-200x300.jpg 200w, https:\/\/cekimdeyiz.com.tr\/wp-content\/uploads\/2025\/05\/912A9386-768x1152.jpg 768w, https:\/\/cekimdeyiz.com.tr\/wp-content\/uploads\/2025\/05\/912A9386-1024x1536.jpg 1024w, https:\/\/cekimdeyiz.com.tr\/wp-content\/uploads\/2025\/05\/912A9386-1365x2048.jpg 1365w, https:\/\/cekimdeyiz.com.tr\/wp-content\/uploads\/2025\/05\/912A9386-scaled.jpg 1707w\" sizes=\"(max-width: 683px) 100vw, 683px\" \/><\/figure>\n\n\n\n<figure class=\"wp-block-image size-large\"><img loading=\"lazy\" decoding=\"async\" width=\"683\" height=\"1024\" data-id=\"754\" src=\"https:\/\/cekimdeyiz.com.tr\/wp-content\/uploads\/2025\/05\/437A2445-683x1024.jpg\" alt=\"\" class=\"wp-image-754\" srcset=\"https:\/\/cekimdeyiz.com.tr\/wp-content\/uploads\/2025\/05\/437A2445-683x1024.jpg 683w, https:\/\/cekimdeyiz.com.tr\/wp-content\/uploads\/2025\/05\/437A2445-200x300.jpg 200w, https:\/\/cekimdeyiz.com.tr\/wp-content\/uploads\/2025\/05\/437A2445-768x1152.jpg 768w, https:\/\/cekimdeyiz.com.tr\/wp-content\/uploads\/2025\/05\/437A2445-1024x1536.jpg 1024w, https:\/\/cekimdeyiz.com.tr\/wp-content\/uploads\/2025\/05\/437A2445-1365x2048.jpg 1365w, https:\/\/cekimdeyiz.com.tr\/wp-content\/uploads\/2025\/05\/437A2445-scaled.jpg 1707w\" sizes=\"(max-width: 683px) 100vw, 683px\" \/><\/figure>\n\n\n\n<figure class=\"wp-block-image size-large\"><img loading=\"lazy\" decoding=\"async\" width=\"683\" height=\"1024\" data-id=\"766\" src=\"https:\/\/cekimdeyiz.com.tr\/wp-content\/uploads\/2025\/05\/912A9153-683x1024.jpg\" alt=\"\" class=\"wp-image-766\" srcset=\"https:\/\/cekimdeyiz.com.tr\/wp-content\/uploads\/2025\/05\/912A9153-683x1024.jpg 683w, https:\/\/cekimdeyiz.com.tr\/wp-content\/uploads\/2025\/05\/912A9153-200x300.jpg 200w, https:\/\/cekimdeyiz.com.tr\/wp-content\/uploads\/2025\/05\/912A9153-768x1152.jpg 768w, https:\/\/cekimdeyiz.com.tr\/wp-content\/uploads\/2025\/05\/912A9153-1024x1536.jpg 1024w, https:\/\/cekimdeyiz.com.tr\/wp-content\/uploads\/2025\/05\/912A9153-1365x2048.jpg 1365w, https:\/\/cekimdeyiz.com.tr\/wp-content\/uploads\/2025\/05\/912A9153-scaled.jpg 1707w\" sizes=\"(max-width: 683px) 100vw, 683px\" \/><\/figure>\n\n\n\n<figure class=\"wp-block-image size-large\"><img loading=\"lazy\" decoding=\"async\" width=\"683\" height=\"1024\" data-id=\"777\" src=\"https:\/\/cekimdeyiz.com.tr\/wp-content\/uploads\/2025\/05\/A19A5839-683x1024.jpg\" alt=\"\" class=\"wp-image-777\" srcset=\"https:\/\/cekimdeyiz.com.tr\/wp-content\/uploads\/2025\/05\/A19A5839-683x1024.jpg 683w, https:\/\/cekimdeyiz.com.tr\/wp-content\/uploads\/2025\/05\/A19A5839-200x300.jpg 200w, https:\/\/cekimdeyiz.com.tr\/wp-content\/uploads\/2025\/05\/A19A5839-768x1152.jpg 768w, https:\/\/cekimdeyiz.com.tr\/wp-content\/uploads\/2025\/05\/A19A5839-1024x1536.jpg 1024w, https:\/\/cekimdeyiz.com.tr\/wp-content\/uploads\/2025\/05\/A19A5839-1365x2048.jpg 1365w, https:\/\/cekimdeyiz.com.tr\/wp-content\/uploads\/2025\/05\/A19A5839-scaled.jpg 1707w\" sizes=\"(max-width: 683px) 100vw, 683px\" \/><\/figure>\n\n\n\n<figure class=\"wp-block-image size-large\"><img loading=\"lazy\" decoding=\"async\" width=\"683\" height=\"1024\" data-id=\"771\" src=\"https:\/\/cekimdeyiz.com.tr\/wp-content\/uploads\/2025\/05\/912A9249-683x1024.jpg\" alt=\"\" class=\"wp-image-771\" srcset=\"https:\/\/cekimdeyiz.com.tr\/wp-content\/uploads\/2025\/05\/912A9249-683x1024.jpg 683w, https:\/\/cekimdeyiz.com.tr\/wp-content\/uploads\/2025\/05\/912A9249-200x300.jpg 200w, https:\/\/cekimdeyiz.com.tr\/wp-content\/uploads\/2025\/05\/912A9249-768x1152.jpg 768w, https:\/\/cekimdeyiz.com.tr\/wp-content\/uploads\/2025\/05\/912A9249-1024x1536.jpg 1024w, https:\/\/cekimdeyiz.com.tr\/wp-content\/uploads\/2025\/05\/912A9249-1365x2048.jpg 1365w, https:\/\/cekimdeyiz.com.tr\/wp-content\/uploads\/2025\/05\/912A9249-scaled.jpg 1707w\" sizes=\"(max-width: 683px) 100vw, 683px\" \/><\/figure>\n\n\n\n<figure class=\"wp-block-image size-large\"><img loading=\"lazy\" decoding=\"async\" width=\"680\" height=\"1024\" data-id=\"760\" src=\"https:\/\/cekimdeyiz.com.tr\/wp-content\/uploads\/2025\/05\/437A2852-4-680x1024.jpg\" alt=\"\" class=\"wp-image-760\" srcset=\"https:\/\/cekimdeyiz.com.tr\/wp-content\/uploads\/2025\/05\/437A2852-4-680x1024.jpg 680w, https:\/\/cekimdeyiz.com.tr\/wp-content\/uploads\/2025\/05\/437A2852-4-199x300.jpg 199w, https:\/\/cekimdeyiz.com.tr\/wp-content\/uploads\/2025\/05\/437A2852-4-768x1156.jpg 768w, https:\/\/cekimdeyiz.com.tr\/wp-content\/uploads\/2025\/05\/437A2852-4-1020x1536.jpg 1020w, https:\/\/cekimdeyiz.com.tr\/wp-content\/uploads\/2025\/05\/437A2852-4-1360x2048.jpg 1360w, https:\/\/cekimdeyiz.com.tr\/wp-content\/uploads\/2025\/05\/437A2852-4-scaled.jpg 1701w\" sizes=\"(max-width: 680px) 100vw, 680px\" \/><\/figure>\n\n\n\n<figure class=\"wp-block-image size-large\"><img loading=\"lazy\" decoding=\"async\" width=\"683\" height=\"1024\" data-id=\"776\" src=\"https:\/\/cekimdeyiz.com.tr\/wp-content\/uploads\/2025\/05\/IMG_5686-683x1024.jpg\" alt=\"\" class=\"wp-image-776\" srcset=\"https:\/\/cekimdeyiz.com.tr\/wp-content\/uploads\/2025\/05\/IMG_5686-683x1024.jpg 683w, https:\/\/cekimdeyiz.com.tr\/wp-content\/uploads\/2025\/05\/IMG_5686-200x300.jpg 200w, https:\/\/cekimdeyiz.com.tr\/wp-content\/uploads\/2025\/05\/IMG_5686-768x1152.jpg 768w, https:\/\/cekimdeyiz.com.tr\/wp-content\/uploads\/2025\/05\/IMG_5686-1024x1536.jpg 1024w, https:\/\/cekimdeyiz.com.tr\/wp-content\/uploads\/2025\/05\/IMG_5686-1365x2048.jpg 1365w, https:\/\/cekimdeyiz.com.tr\/wp-content\/uploads\/2025\/05\/IMG_5686-scaled.jpg 1707w\" sizes=\"(max-width: 683px) 100vw, 683px\" \/><\/figure>\n\n\n\n<figure class=\"wp-block-image size-large\"><img loading=\"lazy\" decoding=\"async\" width=\"683\" height=\"1024\" data-id=\"785\" src=\"https:\/\/cekimdeyiz.com.tr\/wp-content\/uploads\/2025\/05\/912A9361-683x1024.jpg\" alt=\"\" class=\"wp-image-785\" srcset=\"https:\/\/cekimdeyiz.com.tr\/wp-content\/uploads\/2025\/05\/912A9361-683x1024.jpg 683w, https:\/\/cekimdeyiz.com.tr\/wp-content\/uploads\/2025\/05\/912A9361-200x300.jpg 200w, https:\/\/cekimdeyiz.com.tr\/wp-content\/uploads\/2025\/05\/912A9361-768x1152.jpg 768w, https:\/\/cekimdeyiz.com.tr\/wp-content\/uploads\/2025\/05\/912A9361-1024x1536.jpg 1024w, https:\/\/cekimdeyiz.com.tr\/wp-content\/uploads\/2025\/05\/912A9361-1365x2048.jpg 1365w, https:\/\/cekimdeyiz.com.tr\/wp-content\/uploads\/2025\/05\/912A9361-scaled.jpg 1707w\" sizes=\"(max-width: 683px) 100vw, 683px\" \/><\/figure>\n\n\n\n<figure class=\"wp-block-image size-large\"><img loading=\"lazy\" decoding=\"async\" width=\"683\" height=\"1024\" data-id=\"780\" src=\"https:\/\/cekimdeyiz.com.tr\/wp-content\/uploads\/2025\/05\/A19A5311-683x1024.jpg\" alt=\"\" class=\"wp-image-780\" srcset=\"https:\/\/cekimdeyiz.com.tr\/wp-content\/uploads\/2025\/05\/A19A5311-683x1024.jpg 683w, https:\/\/cekimdeyiz.com.tr\/wp-content\/uploads\/2025\/05\/A19A5311-200x300.jpg 200w, https:\/\/cekimdeyiz.com.tr\/wp-content\/uploads\/2025\/05\/A19A5311-768x1152.jpg 768w, https:\/\/cekimdeyiz.com.tr\/wp-content\/uploads\/2025\/05\/A19A5311-1024x1536.jpg 1024w, https:\/\/cekimdeyiz.com.tr\/wp-content\/uploads\/2025\/05\/A19A5311-1365x2048.jpg 1365w, https:\/\/cekimdeyiz.com.tr\/wp-content\/uploads\/2025\/05\/A19A5311-scaled.jpg 1707w\" sizes=\"(max-width: 683px) 100vw, 683px\" \/><\/figure>\n\n\n\n<figure class=\"wp-block-image size-large\"><img loading=\"lazy\" decoding=\"async\" width=\"683\" height=\"1024\" data-id=\"772\" src=\"https:\/\/cekimdeyiz.com.tr\/wp-content\/uploads\/2025\/05\/912A9456-683x1024.jpg\" alt=\"\" class=\"wp-image-772\" srcset=\"https:\/\/cekimdeyiz.com.tr\/wp-content\/uploads\/2025\/05\/912A9456-683x1024.jpg 683w, https:\/\/cekimdeyiz.com.tr\/wp-content\/uploads\/2025\/05\/912A9456-200x300.jpg 200w, https:\/\/cekimdeyiz.com.tr\/wp-content\/uploads\/2025\/05\/912A9456-768x1152.jpg 768w, https:\/\/cekimdeyiz.com.tr\/wp-content\/uploads\/2025\/05\/912A9456-1024x1536.jpg 1024w, https:\/\/cekimdeyiz.com.tr\/wp-content\/uploads\/2025\/05\/912A9456-1365x2048.jpg 1365w, https:\/\/cekimdeyiz.com.tr\/wp-content\/uploads\/2025\/05\/912A9456-scaled.jpg 1707w\" sizes=\"(max-width: 683px) 100vw, 683px\" \/><\/figure>\n\n\n\n<figure class=\"wp-block-image size-large\"><img loading=\"lazy\" decoding=\"async\" width=\"683\" height=\"1024\" data-id=\"782\" src=\"https:\/\/cekimdeyiz.com.tr\/wp-content\/uploads\/2025\/05\/IMG_5714-683x1024.jpg\" alt=\"\" class=\"wp-image-782\" srcset=\"https:\/\/cekimdeyiz.com.tr\/wp-content\/uploads\/2025\/05\/IMG_5714-683x1024.jpg 683w, https:\/\/cekimdeyiz.com.tr\/wp-content\/uploads\/2025\/05\/IMG_5714-200x300.jpg 200w, https:\/\/cekimdeyiz.com.tr\/wp-content\/uploads\/2025\/05\/IMG_5714-768x1152.jpg 768w, https:\/\/cekimdeyiz.com.tr\/wp-content\/uploads\/2025\/05\/IMG_5714-1024x1536.jpg 1024w, https:\/\/cekimdeyiz.com.tr\/wp-content\/uploads\/2025\/05\/IMG_5714-1365x2048.jpg 1365w, https:\/\/cekimdeyiz.com.tr\/wp-content\/uploads\/2025\/05\/IMG_5714-scaled.jpg 1707w\" sizes=\"(max-width: 683px) 100vw, 683px\" \/><\/figure>\n\n\n\n<figure class=\"wp-block-image size-large\"><img loading=\"lazy\" decoding=\"async\" width=\"683\" height=\"1024\" data-id=\"768\" src=\"https:\/\/cekimdeyiz.com.tr\/wp-content\/uploads\/2025\/05\/912A9167-683x1024.jpg\" alt=\"\" class=\"wp-image-768\" srcset=\"https:\/\/cekimdeyiz.com.tr\/wp-content\/uploads\/2025\/05\/912A9167-683x1024.jpg 683w, https:\/\/cekimdeyiz.com.tr\/wp-content\/uploads\/2025\/05\/912A9167-200x300.jpg 200w, https:\/\/cekimdeyiz.com.tr\/wp-content\/uploads\/2025\/05\/912A9167-768x1152.jpg 768w, https:\/\/cekimdeyiz.com.tr\/wp-content\/uploads\/2025\/05\/912A9167-1024x1536.jpg 1024w, https:\/\/cekimdeyiz.com.tr\/wp-content\/uploads\/2025\/05\/912A9167-1365x2048.jpg 1365w, https:\/\/cekimdeyiz.com.tr\/wp-content\/uploads\/2025\/05\/912A9167-scaled.jpg 1707w\" sizes=\"(max-width: 683px) 100vw, 683px\" \/><\/figure>\n\n\n\n<figure class=\"wp-block-image size-large\"><img loading=\"lazy\" decoding=\"async\" width=\"683\" height=\"1024\" data-id=\"779\" src=\"https:\/\/cekimdeyiz.com.tr\/wp-content\/uploads\/2025\/05\/A19A5346-683x1024.jpg\" alt=\"\" class=\"wp-image-779\" srcset=\"https:\/\/cekimdeyiz.com.tr\/wp-content\/uploads\/2025\/05\/A19A5346-683x1024.jpg 683w, https:\/\/cekimdeyiz.com.tr\/wp-content\/uploads\/2025\/05\/A19A5346-200x300.jpg 200w, https:\/\/cekimdeyiz.com.tr\/wp-content\/uploads\/2025\/05\/A19A5346-768x1152.jpg 768w, https:\/\/cekimdeyiz.com.tr\/wp-content\/uploads\/2025\/05\/A19A5346-1024x1536.jpg 1024w, https:\/\/cekimdeyiz.com.tr\/wp-content\/uploads\/2025\/05\/A19A5346-1365x2048.jpg 1365w, https:\/\/cekimdeyiz.com.tr\/wp-content\/uploads\/2025\/05\/A19A5346-scaled.jpg 1707w\" sizes=\"(max-width: 683px) 100vw, 683px\" \/><\/figure>\n<\/figure>\n\n\n\n<p><\/p>\n","protected":false},"excerpt":{"rendered":"","protected":false},"author":1,"featured_media":0,"parent":0,"menu_order":0,"comment_status":"closed","ping_status":"closed","template":"","meta":{"_themeisle_gutenberg_block_has_review":false,"footnotes":""},"class_list":["post-752","page","type-page","status-publish","hentry"],"yoast_head":"<!-- This site is optimized with the Yoast SEO plugin v27.3 - https:\/\/yoast.com\/product\/yoast-seo-wordpress\/ -->\n<title>Sar\u0131yer Korusu Platosu - &Ccedil;ekimdeyiz<\/title>\n<meta name=\"robots\" content=\"index, follow, max-snippet:-1, max-image-preview:large, max-video-preview:-1\" \/>\n<link rel=\"canonical\" href=\"https:\/\/cekimdeyiz.com.tr\/index.php\/sariyer-korusu-platosu\/\" \/>\n<meta property=\"og:locale\" content=\"tr_TR\" \/>\n<meta property=\"og:type\" content=\"article\" \/>\n<meta property=\"og:title\" content=\"Sar\u0131yer Korusu Platosu - &Ccedil;ekimdeyiz\" \/>\n<meta property=\"og:url\" content=\"https:\/\/cekimdeyiz.com.tr\/index.php\/sariyer-korusu-platosu\/\" \/>\n<meta property=\"og:site_name\" content=\"&Ccedil;ekimdeyiz\" \/>\n<meta property=\"article:modified_time\" content=\"2025-05-06T14:28:46+00:00\" \/>\n<meta property=\"og:image\" content=\"https:\/\/cekimdeyiz.com.tr\/wp-content\/uploads\/2025\/05\/437A2276-scaled.jpg\" \/>\n\t<meta property=\"og:image:width\" content=\"1707\" \/>\n\t<meta property=\"og:image:height\" content=\"2560\" \/>\n\t<meta property=\"og:image:type\" content=\"image\/jpeg\" \/>\n<meta name=\"twitter:card\" content=\"summary_large_image\" \/>\n<meta name=\"twitter:label1\" content=\"Tahmini okuma s\u00fcresi\" \/>\n\t<meta name=\"twitter:data1\" content=\"4 dakika\" \/>\n<script type=\"application\/ld+json\" class=\"yoast-schema-graph\">{\"@context\":\"https:\\\/\\\/schema.org\",\"@graph\":[{\"@type\":\"WebPage\",\"@id\":\"https:\\\/\\\/cekimdeyiz.com.tr\\\/index.php\\\/sariyer-korusu-platosu\\\/\",\"url\":\"https:\\\/\\\/cekimdeyiz.com.tr\\\/index.php\\\/sariyer-korusu-platosu\\\/\",\"name\":\"Sar\u0131yer Korusu Platosu - &Ccedil;ekimdeyiz\",\"isPartOf\":{\"@id\":\"https:\\\/\\\/cekimdeyiz.com.tr\\\/#website\"},\"primaryImageOfPage\":{\"@id\":\"https:\\\/\\\/cekimdeyiz.com.tr\\\/index.php\\\/sariyer-korusu-platosu\\\/#primaryimage\"},\"image\":{\"@id\":\"https:\\\/\\\/cekimdeyiz.com.tr\\\/index.php\\\/sariyer-korusu-platosu\\\/#primaryimage\"},\"thumbnailUrl\":\"https:\\\/\\\/cekimdeyiz.com.tr\\\/wp-content\\\/uploads\\\/2025\\\/05\\\/437A2276-683x1024.jpg\",\"datePublished\":\"2025-05-06T14:28:37+00:00\",\"dateModified\":\"2025-05-06T14:28:46+00:00\",\"breadcrumb\":{\"@id\":\"https:\\\/\\\/cekimdeyiz.com.tr\\\/index.php\\\/sariyer-korusu-platosu\\\/#breadcrumb\"},\"inLanguage\":\"tr\",\"potentialAction\":[{\"@type\":\"ReadAction\",\"target\":[\"https:\\\/\\\/cekimdeyiz.com.tr\\\/index.php\\\/sariyer-korusu-platosu\\\/\"]}]},{\"@type\":\"ImageObject\",\"inLanguage\":\"tr\",\"@id\":\"https:\\\/\\\/cekimdeyiz.com.tr\\\/index.php\\\/sariyer-korusu-platosu\\\/#primaryimage\",\"url\":\"https:\\\/\\\/cekimdeyiz.com.tr\\\/wp-content\\\/uploads\\\/2025\\\/05\\\/437A2276-scaled.jpg\",\"contentUrl\":\"https:\\\/\\\/cekimdeyiz.com.tr\\\/wp-content\\\/uploads\\\/2025\\\/05\\\/437A2276-scaled.jpg\",\"width\":1707,\"height\":2560},{\"@type\":\"BreadcrumbList\",\"@id\":\"https:\\\/\\\/cekimdeyiz.com.tr\\\/index.php\\\/sariyer-korusu-platosu\\\/#breadcrumb\",\"itemListElement\":[{\"@type\":\"ListItem\",\"position\":1,\"name\":\"Anasayfa\",\"item\":\"https:\\\/\\\/cekimdeyiz.com.tr\\\/\"},{\"@type\":\"ListItem\",\"position\":2,\"name\":\"Sar\u0131yer Korusu Platosu\"}]},{\"@type\":\"WebSite\",\"@id\":\"https:\\\/\\\/cekimdeyiz.com.tr\\\/#website\",\"url\":\"https:\\\/\\\/cekimdeyiz.com.tr\\\/\",\"name\":\"\u00c7ekimdeyiz D\u00fc\u011f\u00fcn Foto\u011fraf\u00e7\u0131s\u0131\",\"description\":\"D&uuml;\u011f&uuml;n Foto\u011fraf&ccedil;\u0131s\u0131\",\"publisher\":{\"@id\":\"https:\\\/\\\/cekimdeyiz.com.tr\\\/#organization\"},\"potentialAction\":[{\"@type\":\"SearchAction\",\"target\":{\"@type\":\"EntryPoint\",\"urlTemplate\":\"https:\\\/\\\/cekimdeyiz.com.tr\\\/?s={search_term_string}\"},\"query-input\":{\"@type\":\"PropertyValueSpecification\",\"valueRequired\":true,\"valueName\":\"search_term_string\"}}],\"inLanguage\":\"tr\"},{\"@type\":\"Organization\",\"@id\":\"https:\\\/\\\/cekimdeyiz.com.tr\\\/#organization\",\"name\":\"\u00c7ekimdeyiz\",\"url\":\"https:\\\/\\\/cekimdeyiz.com.tr\\\/\",\"logo\":{\"@type\":\"ImageObject\",\"inLanguage\":\"tr\",\"@id\":\"https:\\\/\\\/cekimdeyiz.com.tr\\\/#\\\/schema\\\/logo\\\/image\\\/\",\"url\":\"https:\\\/\\\/cekimdeyiz.com.tr\\\/wp-content\\\/uploads\\\/2024\\\/10\\\/cekimdeyiz-logo-1.jpg\",\"contentUrl\":\"https:\\\/\\\/cekimdeyiz.com.tr\\\/wp-content\\\/uploads\\\/2024\\\/10\\\/cekimdeyiz-logo-1.jpg\",\"width\":591,\"height\":709,\"caption\":\"\u00c7ekimdeyiz\"},\"image\":{\"@id\":\"https:\\\/\\\/cekimdeyiz.com.tr\\\/#\\\/schema\\\/logo\\\/image\\\/\"},\"sameAs\":[\"https:\\\/\\\/www.instagram.com\\\/cekimdeyiztr\\\/\"]}]}<\/script>\n<!-- \/ Yoast SEO plugin. -->","yoast_head_json":{"title":"Sar\u0131yer Korusu Platosu - &Ccedil;ekimdeyiz","robots":{"index":"index","follow":"follow","max-snippet":"max-snippet:-1","max-image-preview":"max-image-preview:large","max-video-preview":"max-video-preview:-1"},"canonical":"https:\/\/cekimdeyiz.com.tr\/index.php\/sariyer-korusu-platosu\/","og_locale":"tr_TR","og_type":"article","og_title":"Sar\u0131yer Korusu Platosu - &Ccedil;ekimdeyiz","og_url":"https:\/\/cekimdeyiz.com.tr\/index.php\/sariyer-korusu-platosu\/","og_site_name":"&Ccedil;ekimdeyiz","article_modified_time":"2025-05-06T14:28:46+00:00","og_image":[{"width":1707,"height":2560,"url":"https:\/\/cekimdeyiz.com.tr\/wp-content\/uploads\/2025\/05\/437A2276-scaled.jpg","type":"image\/jpeg"}],"twitter_card":"summary_large_image","twitter_misc":{"Tahmini okuma s\u00fcresi":"4 dakika"},"schema":{"@context":"https:\/\/schema.org","@graph":[{"@type":"WebPage","@id":"https:\/\/cekimdeyiz.com.tr\/index.php\/sariyer-korusu-platosu\/","url":"https:\/\/cekimdeyiz.com.tr\/index.php\/sariyer-korusu-platosu\/","name":"Sar\u0131yer Korusu Platosu - &Ccedil;ekimdeyiz","isPartOf":{"@id":"https:\/\/cekimdeyiz.com.tr\/#website"},"primaryImageOfPage":{"@id":"https:\/\/cekimdeyiz.com.tr\/index.php\/sariyer-korusu-platosu\/#primaryimage"},"image":{"@id":"https:\/\/cekimdeyiz.com.tr\/index.php\/sariyer-korusu-platosu\/#primaryimage"},"thumbnailUrl":"https:\/\/cekimdeyiz.com.tr\/wp-content\/uploads\/2025\/05\/437A2276-683x1024.jpg","datePublished":"2025-05-06T14:28:37+00:00","dateModified":"2025-05-06T14:28:46+00:00","breadcrumb":{"@id":"https:\/\/cekimdeyiz.com.tr\/index.php\/sariyer-korusu-platosu\/#breadcrumb"},"inLanguage":"tr","potentialAction":[{"@type":"ReadAction","target":["https:\/\/cekimdeyiz.com.tr\/index.php\/sariyer-korusu-platosu\/"]}]},{"@type":"ImageObject","inLanguage":"tr","@id":"https:\/\/cekimdeyiz.com.tr\/index.php\/sariyer-korusu-platosu\/#primaryimage","url":"https:\/\/cekimdeyiz.com.tr\/wp-content\/uploads\/2025\/05\/437A2276-scaled.jpg","contentUrl":"https:\/\/cekimdeyiz.com.tr\/wp-content\/uploads\/2025\/05\/437A2276-scaled.jpg","width":1707,"height":2560},{"@type":"BreadcrumbList","@id":"https:\/\/cekimdeyiz.com.tr\/index.php\/sariyer-korusu-platosu\/#breadcrumb","itemListElement":[{"@type":"ListItem","position":1,"name":"Anasayfa","item":"https:\/\/cekimdeyiz.com.tr\/"},{"@type":"ListItem","position":2,"name":"Sar\u0131yer Korusu Platosu"}]},{"@type":"WebSite","@id":"https:\/\/cekimdeyiz.com.tr\/#website","url":"https:\/\/cekimdeyiz.com.tr\/","name":"\u00c7ekimdeyiz D\u00fc\u011f\u00fcn Foto\u011fraf\u00e7\u0131s\u0131","description":"D&uuml;\u011f&uuml;n Foto\u011fraf&ccedil;\u0131s\u0131","publisher":{"@id":"https:\/\/cekimdeyiz.com.tr\/#organization"},"potentialAction":[{"@type":"SearchAction","target":{"@type":"EntryPoint","urlTemplate":"https:\/\/cekimdeyiz.com.tr\/?s={search_term_string}"},"query-input":{"@type":"PropertyValueSpecification","valueRequired":true,"valueName":"search_term_string"}}],"inLanguage":"tr"},{"@type":"Organization","@id":"https:\/\/cekimdeyiz.com.tr\/#organization","name":"\u00c7ekimdeyiz","url":"https:\/\/cekimdeyiz.com.tr\/","logo":{"@type":"ImageObject","inLanguage":"tr","@id":"https:\/\/cekimdeyiz.com.tr\/#\/schema\/logo\/image\/","url":"https:\/\/cekimdeyiz.com.tr\/wp-content\/uploads\/2024\/10\/cekimdeyiz-logo-1.jpg","contentUrl":"https:\/\/cekimdeyiz.com.tr\/wp-content\/uploads\/2024\/10\/cekimdeyiz-logo-1.jpg","width":591,"height":709,"caption":"\u00c7ekimdeyiz"},"image":{"@id":"https:\/\/cekimdeyiz.com.tr\/#\/schema\/logo\/image\/"},"sameAs":["https:\/\/www.instagram.com\/cekimdeyiztr\/"]}]}},"_links":{"self":[{"href":"https:\/\/cekimdeyiz.com.tr\/index.php\/wp-json\/wp\/v2\/pages\/752","targetHints":{"allow":["GET"]}}],"collection":[{"href":"https:\/\/cekimdeyiz.com.tr\/index.php\/wp-json\/wp\/v2\/pages"}],"about":[{"href":"https:\/\/cekimdeyiz.com.tr\/index.php\/wp-json\/wp\/v2\/types\/page"}],"author":[{"embeddable":true,"href":"https:\/\/cekimdeyiz.com.tr\/index.php\/wp-json\/wp\/v2\/users\/1"}],"replies":[{"embeddable":true,"href":"https:\/\/cekimdeyiz.com.tr\/index.php\/wp-json\/wp\/v2\/comments?post=752"}],"version-history":[{"count":1,"href":"https:\/\/cekimdeyiz.com.tr\/index.php\/wp-json\/wp\/v2\/pages\/752\/revisions"}],"predecessor-version":[{"id":786,"href":"https:\/\/cekimdeyiz.com.tr\/index.php\/wp-json\/wp\/v2\/pages\/752\/revisions\/786"}],"wp:attachment":[{"href":"https:\/\/cekimdeyiz.com.tr\/index.php\/wp-json\/wp\/v2\/media?parent=752"}],"curies":[{"name":"wp","href":"https:\/\/api.w.org\/{rel}","templated":true}]}}