{"id":9,"date":"2024-08-15T08:09:18","date_gmt":"2024-08-15T08:09:18","guid":{"rendered":"https:\/\/cekimdeyiz.com.tr\/?page_id=9"},"modified":"2026-04-02T11:45:24","modified_gmt":"2026-04-02T11:45:24","slug":"hakkimizda","status":"publish","type":"page","link":"https:\/\/cekimdeyiz.com.tr\/index.php\/hakkimizda\/","title":{"rendered":"Hakk\u0131m\u0131zda"},"content":{"rendered":"\n<p><\/p>\n\n\n\n<p>\u201c\u0130stanbul Silivri\u2019de faaliyet g\u00f6steren foto\u011fraf st\u00fcdyomuz, y\u0131llar\u0131n deneyimi ve sanatsal bak\u0131\u015f a\u00e7\u0131m\u0131zla foto\u011fraf\u00e7\u0131l\u0131k d\u00fcnyas\u0131nda fark yaratmay\u0131 ama\u00e7l\u0131yoruz. As\u0131l uzmanl\u0131k alan\u0131m\u0131z d\u00fc\u011f\u00fcn foto\u011fraf\u00e7\u0131l\u0131\u011f\u0131 olup, \u00e7iftlerin en \u00f6zel anlar\u0131n\u0131 \u00f6l\u00fcms\u00fczle\u015ftirmek i\u00e7in \u00f6zenle \u00e7al\u0131\u015f\u0131yoruz. D\u00fc\u011f\u00fcn g\u00fcnlerinin her an\u0131n\u0131 yakalayarak, hayat boyu hat\u0131rlanacak bir hikaye olu\u015fturuyoruz. Sadece foto\u011fraf \u00e7ekmekle kalm\u0131yor, ayn\u0131 zamanda d\u00fc\u011f\u00fcn hikayesi klipleri ile \u00e7iftlerin masals\u0131 yolculuklar\u0131n\u0131 g\u00f6rsel bir \u015f\u00f6lene d\u00f6n\u00fc\u015ft\u00fcr\u00fcyoruz.<\/p>\n\n\n\n<p>Bununla birlikte geni\u015f bir hizmet yelpazesi sunarak, Kurumsal firmalar i\u00e7in reklam ve tan\u0131t\u0131m projeleri, sanat\u00e7\u0131lar i\u00e7in m\u00fczik klipleri \u00e7ekiminde yarat\u0131c\u0131 vizyonumuzu ortaya koyuyor, markalar ve bireyler i\u00e7in en etkili g\u00f6rsel i\u00e7erikleri \u00fcretiyoruz. Her projemizde modern teknolojileri, yenilik\u00e7i yakla\u015f\u0131mlar\u0131 ve estetik detaylar\u0131 \u00f6n planda tutuyoruz. <\/p>\n\n\n\n<p> Silivri\u2019deki modern st\u00fcdyomuzda, her t\u00fcrl\u00fc foto\u011fraf\u00e7\u0131l\u0131k ihtiyac\u0131na cevap verecek bir anlay\u0131\u015fla, m\u00fc\u015fterilerimizin her an\u0131n\u0131 en g\u00fczel \u015fekilde yans\u0131tmaya devam ediyoruz. Foto\u011fraf\u00e7\u0131l\u0131kta kalite ve g\u00fcveni arayanlar\u0131n tercih etti\u011fi bir adres olmaktan gurur duyuyoruz.\u201d<\/p>\n\n\n\n<p><\/p>\n\n\n\n<p><\/p>\n\n\n\n<p><\/p>\n\n\n\n<div class=\"wp-block-media-text is-stacked-on-mobile\"><figure class=\"wp-block-media-text__media\"><img fetchpriority=\"high\" decoding=\"async\" width=\"735\" height=\"1024\" src=\"https:\/\/cekimdeyiz.com.tr\/wp-content\/uploads\/2024\/08\/IMG_1762-1-735x1024.png\" alt=\"\" class=\"wp-image-59 size-full\" srcset=\"https:\/\/cekimdeyiz.com.tr\/wp-content\/uploads\/2024\/08\/IMG_1762-1-735x1024.png 735w, https:\/\/cekimdeyiz.com.tr\/wp-content\/uploads\/2024\/08\/IMG_1762-1-215x300.png 215w, https:\/\/cekimdeyiz.com.tr\/wp-content\/uploads\/2024\/08\/IMG_1762-1-768x1069.png 768w, https:\/\/cekimdeyiz.com.tr\/wp-content\/uploads\/2024\/08\/IMG_1762-1.png 800w\" sizes=\"(max-width: 735px) 100vw, 735px\" \/><\/figure><div class=\"wp-block-media-text__content\">\n<p>                Nizamettin \u00c7EK\u0130M<\/p>\n<\/div><\/div>\n\n\n\n<div class=\"wp-block-media-text has-media-on-the-right is-stacked-on-mobile\"><div class=\"wp-block-media-text__content\">\n<p>               Sel\u00e7uk \u00c7EK\u0130M<\/p>\n<\/div><figure class=\"wp-block-media-text__media\"><img decoding=\"async\" width=\"639\" height=\"1024\" src=\"https:\/\/cekimdeyiz.com.tr\/wp-content\/uploads\/2026\/04\/IMG_6746.JPG-639x1024.jpeg\" alt=\"\" class=\"wp-image-960 size-full\" srcset=\"https:\/\/cekimdeyiz.com.tr\/wp-content\/uploads\/2026\/04\/IMG_6746.JPG-639x1024.jpeg 639w, https:\/\/cekimdeyiz.com.tr\/wp-content\/uploads\/2026\/04\/IMG_6746.JPG-187x300.jpeg 187w, https:\/\/cekimdeyiz.com.tr\/wp-content\/uploads\/2026\/04\/IMG_6746.JPG-768x1230.jpeg 768w, https:\/\/cekimdeyiz.com.tr\/wp-content\/uploads\/2026\/04\/IMG_6746.JPG-959x1536.jpeg 959w, https:\/\/cekimdeyiz.com.tr\/wp-content\/uploads\/2026\/04\/IMG_6746.JPG-1279x2048.jpeg 1279w, https:\/\/cekimdeyiz.com.tr\/wp-content\/uploads\/2026\/04\/IMG_6746.JPG.jpeg 1440w\" sizes=\"(max-width: 639px) 100vw, 639px\" \/><\/figure><\/div>\n\n\n\n<p><\/p>\n","protected":false},"excerpt":{"rendered":"<p>\u201c\u0130stanbul Silivri\u2019de faaliyet g\u00f6steren foto\u011fraf st\u00fcdyomuz, y\u0131llar\u0131n deneyimi ve sanatsal bak\u0131\u015f a\u00e7\u0131m\u0131zla foto\u011fraf\u00e7\u0131l\u0131k d\u00fcnyas\u0131nda fark yaratmay\u0131 ama\u00e7l\u0131yoruz. As\u0131l uzmanl\u0131k alan\u0131m\u0131z d\u00fc\u011f\u00fcn foto\u011fraf\u00e7\u0131l\u0131\u011f\u0131 olup, \u00e7iftlerin en \u00f6zel anlar\u0131n\u0131 \u00f6l\u00fcms\u00fczle\u015ftirmek i\u00e7in \u00f6zenle \u00e7al\u0131\u015f\u0131yoruz. D\u00fc\u011f\u00fcn g\u00fcnlerinin her an\u0131n\u0131 yakalayarak, hayat boyu hat\u0131rlanacak bir hikaye olu\u015fturuyoruz. Sadece foto\u011fraf \u00e7ekmekle kalm\u0131yor, ayn\u0131 zamanda d\u00fc\u011f\u00fcn hikayesi klipleri ile \u00e7iftlerin masals\u0131 yolculuklar\u0131n\u0131 [&hellip;]<\/p>\n","protected":false},"author":1,"featured_media":0,"parent":0,"menu_order":0,"comment_status":"closed","ping_status":"closed","template":"","meta":{"_themeisle_gutenberg_block_has_review":false,"footnotes":""},"class_list":["post-9","page","type-page","status-publish","hentry"],"yoast_head":"<!-- This site is optimized with the Yoast SEO plugin v27.3 - https:\/\/yoast.com\/product\/yoast-seo-wordpress\/ -->\n<title>Hakk\u0131m\u0131zda - &Ccedil;ekimdeyiz<\/title>\n<meta name=\"description\" content=\"Y\u0131llar\u0131n tecr\u00fcbesiyle, \u00e7iftlerimizin D\u00fc\u011f\u00fcn Foto\u011fraflar\u0131 \u00f6l\u00fcms\u00fczle\u015fiyor. Zengin paketlerimizden birini se\u00e7ip bizimle ileti\u015fime ge\u00e7ebilirsin.\" \/>\n<meta name=\"robots\" content=\"index, follow, max-snippet:-1, max-image-preview:large, max-video-preview:-1\" \/>\n<link rel=\"canonical\" href=\"https:\/\/cekimdeyiz.com.tr\/index.php\/hakkimizda\/\" \/>\n<meta property=\"og:locale\" content=\"tr_TR\" \/>\n<meta property=\"og:type\" content=\"article\" \/>\n<meta property=\"og:title\" content=\"Hakk\u0131m\u0131zda - &Ccedil;ekimdeyiz\" \/>\n<meta property=\"og:description\" content=\"Y\u0131llar\u0131n tecr\u00fcbesiyle, \u00e7iftlerimizin D\u00fc\u011f\u00fcn Foto\u011fraflar\u0131 \u00f6l\u00fcms\u00fczle\u015fiyor. Zengin paketlerimizden birini se\u00e7ip bizimle ileti\u015fime ge\u00e7ebilirsin.\" \/>\n<meta property=\"og:url\" content=\"https:\/\/cekimdeyiz.com.tr\/index.php\/hakkimizda\/\" \/>\n<meta property=\"og:site_name\" content=\"&Ccedil;ekimdeyiz\" \/>\n<meta property=\"article:modified_time\" content=\"2026-04-02T11:45:24+00:00\" \/>\n<meta property=\"og:image\" content=\"https:\/\/cekimdeyiz.com.tr\/wp-content\/uploads\/2024\/08\/IMG_1762-1.png\" \/>\n\t<meta property=\"og:image:width\" content=\"800\" \/>\n\t<meta property=\"og:image:height\" content=\"1114\" \/>\n\t<meta property=\"og:image:type\" content=\"image\/png\" \/>\n<meta name=\"twitter:card\" content=\"summary_large_image\" \/>\n<meta name=\"twitter:label1\" content=\"Tahmini okuma s\u00fcresi\" \/>\n\t<meta name=\"twitter:data1\" content=\"2 dakika\" \/>\n<script type=\"application\/ld+json\" class=\"yoast-schema-graph\">{\"@context\":\"https:\\\/\\\/schema.org\",\"@graph\":[{\"@type\":\"WebPage\",\"@id\":\"https:\\\/\\\/cekimdeyiz.com.tr\\\/index.php\\\/hakkimizda\\\/\",\"url\":\"https:\\\/\\\/cekimdeyiz.com.tr\\\/index.php\\\/hakkimizda\\\/\",\"name\":\"Hakk\u0131m\u0131zda - &Ccedil;ekimdeyiz\",\"isPartOf\":{\"@id\":\"https:\\\/\\\/cekimdeyiz.com.tr\\\/#website\"},\"primaryImageOfPage\":{\"@id\":\"https:\\\/\\\/cekimdeyiz.com.tr\\\/index.php\\\/hakkimizda\\\/#primaryimage\"},\"image\":{\"@id\":\"https:\\\/\\\/cekimdeyiz.com.tr\\\/index.php\\\/hakkimizda\\\/#primaryimage\"},\"thumbnailUrl\":\"https:\\\/\\\/cekimdeyiz.com.tr\\\/wp-content\\\/uploads\\\/2024\\\/08\\\/IMG_1762-1-735x1024.png\",\"datePublished\":\"2024-08-15T08:09:18+00:00\",\"dateModified\":\"2026-04-02T11:45:24+00:00\",\"description\":\"Y\u0131llar\u0131n tecr\u00fcbesiyle, \u00e7iftlerimizin D\u00fc\u011f\u00fcn Foto\u011fraflar\u0131 \u00f6l\u00fcms\u00fczle\u015fiyor. Zengin paketlerimizden birini se\u00e7ip bizimle ileti\u015fime ge\u00e7ebilirsin.\",\"breadcrumb\":{\"@id\":\"https:\\\/\\\/cekimdeyiz.com.tr\\\/index.php\\\/hakkimizda\\\/#breadcrumb\"},\"inLanguage\":\"tr\",\"potentialAction\":[{\"@type\":\"ReadAction\",\"target\":[\"https:\\\/\\\/cekimdeyiz.com.tr\\\/index.php\\\/hakkimizda\\\/\"]}]},{\"@type\":\"ImageObject\",\"inLanguage\":\"tr\",\"@id\":\"https:\\\/\\\/cekimdeyiz.com.tr\\\/index.php\\\/hakkimizda\\\/#primaryimage\",\"url\":\"https:\\\/\\\/cekimdeyiz.com.tr\\\/wp-content\\\/uploads\\\/2024\\\/08\\\/IMG_1762-1.png\",\"contentUrl\":\"https:\\\/\\\/cekimdeyiz.com.tr\\\/wp-content\\\/uploads\\\/2024\\\/08\\\/IMG_1762-1.png\",\"width\":800,\"height\":1114},{\"@type\":\"BreadcrumbList\",\"@id\":\"https:\\\/\\\/cekimdeyiz.com.tr\\\/index.php\\\/hakkimizda\\\/#breadcrumb\",\"itemListElement\":[{\"@type\":\"ListItem\",\"position\":1,\"name\":\"Anasayfa\",\"item\":\"https:\\\/\\\/cekimdeyiz.com.tr\\\/\"},{\"@type\":\"ListItem\",\"position\":2,\"name\":\"Hakk\u0131m\u0131zda\"}]},{\"@type\":\"WebSite\",\"@id\":\"https:\\\/\\\/cekimdeyiz.com.tr\\\/#website\",\"url\":\"https:\\\/\\\/cekimdeyiz.com.tr\\\/\",\"name\":\"\u00c7ekimdeyiz D\u00fc\u011f\u00fcn Foto\u011fraf\u00e7\u0131s\u0131\",\"description\":\"D&uuml;\u011f&uuml;n Foto\u011fraf&ccedil;\u0131s\u0131\",\"publisher\":{\"@id\":\"https:\\\/\\\/cekimdeyiz.com.tr\\\/#organization\"},\"potentialAction\":[{\"@type\":\"SearchAction\",\"target\":{\"@type\":\"EntryPoint\",\"urlTemplate\":\"https:\\\/\\\/cekimdeyiz.com.tr\\\/?s={search_term_string}\"},\"query-input\":{\"@type\":\"PropertyValueSpecification\",\"valueRequired\":true,\"valueName\":\"search_term_string\"}}],\"inLanguage\":\"tr\"},{\"@type\":\"Organization\",\"@id\":\"https:\\\/\\\/cekimdeyiz.com.tr\\\/#organization\",\"name\":\"\u00c7ekimdeyiz\",\"url\":\"https:\\\/\\\/cekimdeyiz.com.tr\\\/\",\"logo\":{\"@type\":\"ImageObject\",\"inLanguage\":\"tr\",\"@id\":\"https:\\\/\\\/cekimdeyiz.com.tr\\\/#\\\/schema\\\/logo\\\/image\\\/\",\"url\":\"https:\\\/\\\/cekimdeyiz.com.tr\\\/wp-content\\\/uploads\\\/2024\\\/10\\\/cekimdeyiz-logo-1.jpg\",\"contentUrl\":\"https:\\\/\\\/cekimdeyiz.com.tr\\\/wp-content\\\/uploads\\\/2024\\\/10\\\/cekimdeyiz-logo-1.jpg\",\"width\":591,\"height\":709,\"caption\":\"\u00c7ekimdeyiz\"},\"image\":{\"@id\":\"https:\\\/\\\/cekimdeyiz.com.tr\\\/#\\\/schema\\\/logo\\\/image\\\/\"},\"sameAs\":[\"https:\\\/\\\/www.instagram.com\\\/cekimdeyiztr\\\/\"]}]}<\/script>\n<!-- \/ Yoast SEO plugin. -->","yoast_head_json":{"title":"Hakk\u0131m\u0131zda - &Ccedil;ekimdeyiz","description":"Y\u0131llar\u0131n tecr\u00fcbesiyle, \u00e7iftlerimizin D\u00fc\u011f\u00fcn Foto\u011fraflar\u0131 \u00f6l\u00fcms\u00fczle\u015fiyor. Zengin paketlerimizden birini se\u00e7ip bizimle ileti\u015fime ge\u00e7ebilirsin.","robots":{"index":"index","follow":"follow","max-snippet":"max-snippet:-1","max-image-preview":"max-image-preview:large","max-video-preview":"max-video-preview:-1"},"canonical":"https:\/\/cekimdeyiz.com.tr\/index.php\/hakkimizda\/","og_locale":"tr_TR","og_type":"article","og_title":"Hakk\u0131m\u0131zda - &Ccedil;ekimdeyiz","og_description":"Y\u0131llar\u0131n tecr\u00fcbesiyle, \u00e7iftlerimizin D\u00fc\u011f\u00fcn Foto\u011fraflar\u0131 \u00f6l\u00fcms\u00fczle\u015fiyor. Zengin paketlerimizden birini se\u00e7ip bizimle ileti\u015fime ge\u00e7ebilirsin.","og_url":"https:\/\/cekimdeyiz.com.tr\/index.php\/hakkimizda\/","og_site_name":"&Ccedil;ekimdeyiz","article_modified_time":"2026-04-02T11:45:24+00:00","og_image":[{"width":800,"height":1114,"url":"https:\/\/cekimdeyiz.com.tr\/wp-content\/uploads\/2024\/08\/IMG_1762-1.png","type":"image\/png"}],"twitter_card":"summary_large_image","twitter_misc":{"Tahmini okuma s\u00fcresi":"2 dakika"},"schema":{"@context":"https:\/\/schema.org","@graph":[{"@type":"WebPage","@id":"https:\/\/cekimdeyiz.com.tr\/index.php\/hakkimizda\/","url":"https:\/\/cekimdeyiz.com.tr\/index.php\/hakkimizda\/","name":"Hakk\u0131m\u0131zda - &Ccedil;ekimdeyiz","isPartOf":{"@id":"https:\/\/cekimdeyiz.com.tr\/#website"},"primaryImageOfPage":{"@id":"https:\/\/cekimdeyiz.com.tr\/index.php\/hakkimizda\/#primaryimage"},"image":{"@id":"https:\/\/cekimdeyiz.com.tr\/index.php\/hakkimizda\/#primaryimage"},"thumbnailUrl":"https:\/\/cekimdeyiz.com.tr\/wp-content\/uploads\/2024\/08\/IMG_1762-1-735x1024.png","datePublished":"2024-08-15T08:09:18+00:00","dateModified":"2026-04-02T11:45:24+00:00","description":"Y\u0131llar\u0131n tecr\u00fcbesiyle, \u00e7iftlerimizin D\u00fc\u011f\u00fcn Foto\u011fraflar\u0131 \u00f6l\u00fcms\u00fczle\u015fiyor. Zengin paketlerimizden birini se\u00e7ip bizimle ileti\u015fime ge\u00e7ebilirsin.","breadcrumb":{"@id":"https:\/\/cekimdeyiz.com.tr\/index.php\/hakkimizda\/#breadcrumb"},"inLanguage":"tr","potentialAction":[{"@type":"ReadAction","target":["https:\/\/cekimdeyiz.com.tr\/index.php\/hakkimizda\/"]}]},{"@type":"ImageObject","inLanguage":"tr","@id":"https:\/\/cekimdeyiz.com.tr\/index.php\/hakkimizda\/#primaryimage","url":"https:\/\/cekimdeyiz.com.tr\/wp-content\/uploads\/2024\/08\/IMG_1762-1.png","contentUrl":"https:\/\/cekimdeyiz.com.tr\/wp-content\/uploads\/2024\/08\/IMG_1762-1.png","width":800,"height":1114},{"@type":"BreadcrumbList","@id":"https:\/\/cekimdeyiz.com.tr\/index.php\/hakkimizda\/#breadcrumb","itemListElement":[{"@type":"ListItem","position":1,"name":"Anasayfa","item":"https:\/\/cekimdeyiz.com.tr\/"},{"@type":"ListItem","position":2,"name":"Hakk\u0131m\u0131zda"}]},{"@type":"WebSite","@id":"https:\/\/cekimdeyiz.com.tr\/#website","url":"https:\/\/cekimdeyiz.com.tr\/","name":"\u00c7ekimdeyiz D\u00fc\u011f\u00fcn Foto\u011fraf\u00e7\u0131s\u0131","description":"D&uuml;\u011f&uuml;n Foto\u011fraf&ccedil;\u0131s\u0131","publisher":{"@id":"https:\/\/cekimdeyiz.com.tr\/#organization"},"potentialAction":[{"@type":"SearchAction","target":{"@type":"EntryPoint","urlTemplate":"https:\/\/cekimdeyiz.com.tr\/?s={search_term_string}"},"query-input":{"@type":"PropertyValueSpecification","valueRequired":true,"valueName":"search_term_string"}}],"inLanguage":"tr"},{"@type":"Organization","@id":"https:\/\/cekimdeyiz.com.tr\/#organization","name":"\u00c7ekimdeyiz","url":"https:\/\/cekimdeyiz.com.tr\/","logo":{"@type":"ImageObject","inLanguage":"tr","@id":"https:\/\/cekimdeyiz.com.tr\/#\/schema\/logo\/image\/","url":"https:\/\/cekimdeyiz.com.tr\/wp-content\/uploads\/2024\/10\/cekimdeyiz-logo-1.jpg","contentUrl":"https:\/\/cekimdeyiz.com.tr\/wp-content\/uploads\/2024\/10\/cekimdeyiz-logo-1.jpg","width":591,"height":709,"caption":"\u00c7ekimdeyiz"},"image":{"@id":"https:\/\/cekimdeyiz.com.tr\/#\/schema\/logo\/image\/"},"sameAs":["https:\/\/www.instagram.com\/cekimdeyiztr\/"]}]}},"_links":{"self":[{"href":"https:\/\/cekimdeyiz.com.tr\/index.php\/wp-json\/wp\/v2\/pages\/9","targetHints":{"allow":["GET"]}}],"collection":[{"href":"https:\/\/cekimdeyiz.com.tr\/index.php\/wp-json\/wp\/v2\/pages"}],"about":[{"href":"https:\/\/cekimdeyiz.com.tr\/index.php\/wp-json\/wp\/v2\/types\/page"}],"author":[{"embeddable":true,"href":"https:\/\/cekimdeyiz.com.tr\/index.php\/wp-json\/wp\/v2\/users\/1"}],"replies":[{"embeddable":true,"href":"https:\/\/cekimdeyiz.com.tr\/index.php\/wp-json\/wp\/v2\/comments?post=9"}],"version-history":[{"count":15,"href":"https:\/\/cekimdeyiz.com.tr\/index.php\/wp-json\/wp\/v2\/pages\/9\/revisions"}],"predecessor-version":[{"id":961,"href":"https:\/\/cekimdeyiz.com.tr\/index.php\/wp-json\/wp\/v2\/pages\/9\/revisions\/961"}],"wp:attachment":[{"href":"https:\/\/cekimdeyiz.com.tr\/index.php\/wp-json\/wp\/v2\/media?parent=9"}],"curies":[{"name":"wp","href":"https:\/\/api.w.org\/{rel}","templated":true}]}}