{"id":949,"date":"2026-04-01T13:30:06","date_gmt":"2026-04-01T13:30:06","guid":{"rendered":"https:\/\/cekimdeyiz.com.tr\/?page_id=949"},"modified":"2026-04-01T13:30:07","modified_gmt":"2026-04-01T13:30:07","slug":"2026-cekimdeyiz-paket-fiyat-listesi","status":"publish","type":"page","link":"https:\/\/cekimdeyiz.com.tr\/index.php\/2026-cekimdeyiz-paket-fiyat-listesi\/","title":{"rendered":"2026 \u00c7ekimdeyiz Paket &amp; Fiyat Listesi"},"content":{"rendered":"\n<div data-wp-interactive=\"core\/file\" class=\"wp-block-file\"><object data-wp-bind--hidden=\"!state.hasPdfPreview\" hidden class=\"wp-block-file__embed\" data=\"https:\/\/cekimdeyiz.com.tr\/wp-content\/uploads\/2026\/04\/2026-Cekimdeyiz-Paket-ve-Fiyat-Listesi-3.pdf\" type=\"application\/pdf\" style=\"width:100%;height:600px\" aria-label=\"2026 \u00c7ekimdeyiz Paket ve Fiyat Listesi g\u00f6m\u00fcs\u00fc.\"><\/object><a id=\"wp-block-file--media-55828a5b-02fe-4e34-b9f7-dc4fd5721b85\" href=\"https:\/\/cekimdeyiz.com.tr\/wp-content\/uploads\/2026\/04\/2026-Cekimdeyiz-Paket-ve-Fiyat-Listesi-3.pdf\">2026 \u00c7ekimdeyiz Paket ve Fiyat Listesi<\/a><a href=\"https:\/\/cekimdeyiz.com.tr\/wp-content\/uploads\/2026\/04\/2026-Cekimdeyiz-Paket-ve-Fiyat-Listesi-3.pdf\" class=\"wp-block-file__button wp-element-button\" download aria-describedby=\"wp-block-file--media-55828a5b-02fe-4e34-b9f7-dc4fd5721b85\">\u0130ndir<\/a><\/div>\n","protected":false},"excerpt":{"rendered":"","protected":false},"author":1,"featured_media":0,"parent":0,"menu_order":0,"comment_status":"closed","ping_status":"closed","template":"","meta":{"_themeisle_gutenberg_block_has_review":false,"footnotes":""},"class_list":["post-949","page","type-page","status-publish","hentry"],"yoast_head":"<!-- This site is optimized with the Yoast SEO plugin v27.3 - https:\/\/yoast.com\/product\/yoast-seo-wordpress\/ -->\n<title>2026 \u00c7ekimdeyiz Paket &amp; Fiyat Listesi - &Ccedil;ekimdeyiz<\/title>\n<meta name=\"robots\" content=\"index, follow, max-snippet:-1, max-image-preview:large, max-video-preview:-1\" \/>\n<link rel=\"canonical\" href=\"https:\/\/cekimdeyiz.com.tr\/index.php\/2026-cekimdeyiz-paket-fiyat-listesi\/\" \/>\n<meta property=\"og:locale\" content=\"tr_TR\" \/>\n<meta property=\"og:type\" content=\"article\" \/>\n<meta property=\"og:title\" content=\"2026 \u00c7ekimdeyiz Paket &amp; Fiyat Listesi - &Ccedil;ekimdeyiz\" \/>\n<meta property=\"og:url\" content=\"https:\/\/cekimdeyiz.com.tr\/index.php\/2026-cekimdeyiz-paket-fiyat-listesi\/\" \/>\n<meta property=\"og:site_name\" content=\"&Ccedil;ekimdeyiz\" \/>\n<meta property=\"article:modified_time\" content=\"2026-04-01T13:30:07+00:00\" \/>\n<meta property=\"og:image\" content=\"https:\/\/cekimdeyiz.com.tr\/wp-content\/uploads\/2024\/10\/cropped-cekimdeyiz-logo.jpg\" \/>\n\t<meta property=\"og:image:width\" content=\"512\" \/>\n\t<meta property=\"og:image:height\" content=\"512\" \/>\n\t<meta property=\"og:image:type\" content=\"image\/jpeg\" \/>\n<meta name=\"twitter:card\" content=\"summary_large_image\" \/>\n<meta name=\"twitter:label1\" content=\"Tahmini okuma s\u00fcresi\" \/>\n\t<meta name=\"twitter:data1\" content=\"1 dakika\" \/>\n<script type=\"application\/ld+json\" class=\"yoast-schema-graph\">{\"@context\":\"https:\\\/\\\/schema.org\",\"@graph\":[{\"@type\":\"WebPage\",\"@id\":\"https:\\\/\\\/cekimdeyiz.com.tr\\\/index.php\\\/2026-cekimdeyiz-paket-fiyat-listesi\\\/\",\"url\":\"https:\\\/\\\/cekimdeyiz.com.tr\\\/index.php\\\/2026-cekimdeyiz-paket-fiyat-listesi\\\/\",\"name\":\"2026 \u00c7ekimdeyiz Paket &amp; Fiyat Listesi - &Ccedil;ekimdeyiz\",\"isPartOf\":{\"@id\":\"https:\\\/\\\/cekimdeyiz.com.tr\\\/#website\"},\"datePublished\":\"2026-04-01T13:30:06+00:00\",\"dateModified\":\"2026-04-01T13:30:07+00:00\",\"breadcrumb\":{\"@id\":\"https:\\\/\\\/cekimdeyiz.com.tr\\\/index.php\\\/2026-cekimdeyiz-paket-fiyat-listesi\\\/#breadcrumb\"},\"inLanguage\":\"tr\",\"potentialAction\":[{\"@type\":\"ReadAction\",\"target\":[\"https:\\\/\\\/cekimdeyiz.com.tr\\\/index.php\\\/2026-cekimdeyiz-paket-fiyat-listesi\\\/\"]}]},{\"@type\":\"BreadcrumbList\",\"@id\":\"https:\\\/\\\/cekimdeyiz.com.tr\\\/index.php\\\/2026-cekimdeyiz-paket-fiyat-listesi\\\/#breadcrumb\",\"itemListElement\":[{\"@type\":\"ListItem\",\"position\":1,\"name\":\"Anasayfa\",\"item\":\"https:\\\/\\\/cekimdeyiz.com.tr\\\/\"},{\"@type\":\"ListItem\",\"position\":2,\"name\":\"2026 \u00c7ekimdeyiz Paket &amp; Fiyat Listesi\"}]},{\"@type\":\"WebSite\",\"@id\":\"https:\\\/\\\/cekimdeyiz.com.tr\\\/#website\",\"url\":\"https:\\\/\\\/cekimdeyiz.com.tr\\\/\",\"name\":\"\u00c7ekimdeyiz D\u00fc\u011f\u00fcn Foto\u011fraf\u00e7\u0131s\u0131\",\"description\":\"D&uuml;\u011f&uuml;n Foto\u011fraf&ccedil;\u0131s\u0131\",\"publisher\":{\"@id\":\"https:\\\/\\\/cekimdeyiz.com.tr\\\/#organization\"},\"potentialAction\":[{\"@type\":\"SearchAction\",\"target\":{\"@type\":\"EntryPoint\",\"urlTemplate\":\"https:\\\/\\\/cekimdeyiz.com.tr\\\/?s={search_term_string}\"},\"query-input\":{\"@type\":\"PropertyValueSpecification\",\"valueRequired\":true,\"valueName\":\"search_term_string\"}}],\"inLanguage\":\"tr\"},{\"@type\":\"Organization\",\"@id\":\"https:\\\/\\\/cekimdeyiz.com.tr\\\/#organization\",\"name\":\"\u00c7ekimdeyiz\",\"url\":\"https:\\\/\\\/cekimdeyiz.com.tr\\\/\",\"logo\":{\"@type\":\"ImageObject\",\"inLanguage\":\"tr\",\"@id\":\"https:\\\/\\\/cekimdeyiz.com.tr\\\/#\\\/schema\\\/logo\\\/image\\\/\",\"url\":\"https:\\\/\\\/cekimdeyiz.com.tr\\\/wp-content\\\/uploads\\\/2024\\\/10\\\/cekimdeyiz-logo-1.jpg\",\"contentUrl\":\"https:\\\/\\\/cekimdeyiz.com.tr\\\/wp-content\\\/uploads\\\/2024\\\/10\\\/cekimdeyiz-logo-1.jpg\",\"width\":591,\"height\":709,\"caption\":\"\u00c7ekimdeyiz\"},\"image\":{\"@id\":\"https:\\\/\\\/cekimdeyiz.com.tr\\\/#\\\/schema\\\/logo\\\/image\\\/\"},\"sameAs\":[\"https:\\\/\\\/www.instagram.com\\\/cekimdeyiztr\\\/\"]}]}<\/script>\n<!-- \/ Yoast SEO plugin. -->","yoast_head_json":{"title":"2026 \u00c7ekimdeyiz Paket &amp; Fiyat Listesi - &Ccedil;ekimdeyiz","robots":{"index":"index","follow":"follow","max-snippet":"max-snippet:-1","max-image-preview":"max-image-preview:large","max-video-preview":"max-video-preview:-1"},"canonical":"https:\/\/cekimdeyiz.com.tr\/index.php\/2026-cekimdeyiz-paket-fiyat-listesi\/","og_locale":"tr_TR","og_type":"article","og_title":"2026 \u00c7ekimdeyiz Paket &amp; Fiyat Listesi - &Ccedil;ekimdeyiz","og_url":"https:\/\/cekimdeyiz.com.tr\/index.php\/2026-cekimdeyiz-paket-fiyat-listesi\/","og_site_name":"&Ccedil;ekimdeyiz","article_modified_time":"2026-04-01T13:30:07+00:00","og_image":[{"width":512,"height":512,"url":"https:\/\/cekimdeyiz.com.tr\/wp-content\/uploads\/2024\/10\/cropped-cekimdeyiz-logo.jpg","type":"image\/jpeg"}],"twitter_card":"summary_large_image","twitter_misc":{"Tahmini okuma s\u00fcresi":"1 dakika"},"schema":{"@context":"https:\/\/schema.org","@graph":[{"@type":"WebPage","@id":"https:\/\/cekimdeyiz.com.tr\/index.php\/2026-cekimdeyiz-paket-fiyat-listesi\/","url":"https:\/\/cekimdeyiz.com.tr\/index.php\/2026-cekimdeyiz-paket-fiyat-listesi\/","name":"2026 \u00c7ekimdeyiz Paket &amp; Fiyat Listesi - &Ccedil;ekimdeyiz","isPartOf":{"@id":"https:\/\/cekimdeyiz.com.tr\/#website"},"datePublished":"2026-04-01T13:30:06+00:00","dateModified":"2026-04-01T13:30:07+00:00","breadcrumb":{"@id":"https:\/\/cekimdeyiz.com.tr\/index.php\/2026-cekimdeyiz-paket-fiyat-listesi\/#breadcrumb"},"inLanguage":"tr","potentialAction":[{"@type":"ReadAction","target":["https:\/\/cekimdeyiz.com.tr\/index.php\/2026-cekimdeyiz-paket-fiyat-listesi\/"]}]},{"@type":"BreadcrumbList","@id":"https:\/\/cekimdeyiz.com.tr\/index.php\/2026-cekimdeyiz-paket-fiyat-listesi\/#breadcrumb","itemListElement":[{"@type":"ListItem","position":1,"name":"Anasayfa","item":"https:\/\/cekimdeyiz.com.tr\/"},{"@type":"ListItem","position":2,"name":"2026 \u00c7ekimdeyiz Paket &amp; Fiyat Listesi"}]},{"@type":"WebSite","@id":"https:\/\/cekimdeyiz.com.tr\/#website","url":"https:\/\/cekimdeyiz.com.tr\/","name":"\u00c7ekimdeyiz D\u00fc\u011f\u00fcn Foto\u011fraf\u00e7\u0131s\u0131","description":"D&uuml;\u011f&uuml;n Foto\u011fraf&ccedil;\u0131s\u0131","publisher":{"@id":"https:\/\/cekimdeyiz.com.tr\/#organization"},"potentialAction":[{"@type":"SearchAction","target":{"@type":"EntryPoint","urlTemplate":"https:\/\/cekimdeyiz.com.tr\/?s={search_term_string}"},"query-input":{"@type":"PropertyValueSpecification","valueRequired":true,"valueName":"search_term_string"}}],"inLanguage":"tr"},{"@type":"Organization","@id":"https:\/\/cekimdeyiz.com.tr\/#organization","name":"\u00c7ekimdeyiz","url":"https:\/\/cekimdeyiz.com.tr\/","logo":{"@type":"ImageObject","inLanguage":"tr","@id":"https:\/\/cekimdeyiz.com.tr\/#\/schema\/logo\/image\/","url":"https:\/\/cekimdeyiz.com.tr\/wp-content\/uploads\/2024\/10\/cekimdeyiz-logo-1.jpg","contentUrl":"https:\/\/cekimdeyiz.com.tr\/wp-content\/uploads\/2024\/10\/cekimdeyiz-logo-1.jpg","width":591,"height":709,"caption":"\u00c7ekimdeyiz"},"image":{"@id":"https:\/\/cekimdeyiz.com.tr\/#\/schema\/logo\/image\/"},"sameAs":["https:\/\/www.instagram.com\/cekimdeyiztr\/"]}]}},"_links":{"self":[{"href":"https:\/\/cekimdeyiz.com.tr\/index.php\/wp-json\/wp\/v2\/pages\/949","targetHints":{"allow":["GET"]}}],"collection":[{"href":"https:\/\/cekimdeyiz.com.tr\/index.php\/wp-json\/wp\/v2\/pages"}],"about":[{"href":"https:\/\/cekimdeyiz.com.tr\/index.php\/wp-json\/wp\/v2\/types\/page"}],"author":[{"embeddable":true,"href":"https:\/\/cekimdeyiz.com.tr\/index.php\/wp-json\/wp\/v2\/users\/1"}],"replies":[{"embeddable":true,"href":"https:\/\/cekimdeyiz.com.tr\/index.php\/wp-json\/wp\/v2\/comments?post=949"}],"version-history":[{"count":1,"href":"https:\/\/cekimdeyiz.com.tr\/index.php\/wp-json\/wp\/v2\/pages\/949\/revisions"}],"predecessor-version":[{"id":952,"href":"https:\/\/cekimdeyiz.com.tr\/index.php\/wp-json\/wp\/v2\/pages\/949\/revisions\/952"}],"wp:attachment":[{"href":"https:\/\/cekimdeyiz.com.tr\/index.php\/wp-json\/wp\/v2\/media?parent=949"}],"curies":[{"name":"wp","href":"https:\/\/api.w.org\/{rel}","templated":true}]}}